{"id":6151,"date":"2022-10-18T08:51:34","date_gmt":"2022-10-18T06:51:34","guid":{"rendered":"https:\/\/aboil.fi\/meist\/"},"modified":"2025-04-28T13:43:50","modified_gmt":"2025-04-28T11:43:50","slug":"meist","status":"publish","type":"page","link":"https:\/\/aboil.fi\/et\/meist\/","title":{"rendered":"Meist"},"content":{"rendered":"\t\t<div data-elementor-type=\"wp-page\" data-elementor-id=\"6151\" class=\"elementor elementor-6151 elementor-2349\">\n\t\t\t\t<div class=\"elementor-element elementor-element-2f31117 e-flex e-con-boxed e-con e-parent\" data-id=\"2f31117\" data-element_type=\"container\" data-e-type=\"container\" data-settings=\"{&quot;background_background&quot;:&quot;classic&quot;}\">\n\t\t\t\t\t<div class=\"e-con-inner\">\n\t\t\t\t<div class=\"elementor-element elementor-element-3ef4767 elementor-widget elementor-widget-heading\" data-id=\"3ef4767\" data-element_type=\"widget\" data-e-type=\"widget\" data-widget_type=\"heading.default\">\n\t\t\t\t<div class=\"elementor-widget-container\">\n\t\t\t\t\t<h1 class=\"elementor-heading-title elementor-size-default\">ABOIL LUBRICANTS<\/h1>\t\t\t\t<\/div>\n\t\t\t\t<\/div>\n\t\t\t\t\t<\/div>\n\t\t\t\t<\/div>\n\t\t\t\t<section class=\"elementor-section elementor-top-section elementor-element elementor-element-cc529be elementor-section-full_width elementor-section-height-default elementor-section-height-default\" data-id=\"cc529be\" data-element_type=\"section\" data-e-type=\"section\">\n\t\t\t\t\t\t<div class=\"elementor-container elementor-column-gap-default\">\n\t\t\t\t\t<div class=\"elementor-column elementor-col-100 elementor-top-column elementor-element elementor-element-c9a36db\" data-id=\"c9a36db\" data-element_type=\"column\" data-e-type=\"column\">\n\t\t\t<div class=\"elementor-widget-wrap elementor-element-populated\">\n\t\t\t\t\t\t<div class=\"elementor-element elementor-element-c84cdb4 elementor-widget elementor-widget-heading\" data-id=\"c84cdb4\" data-element_type=\"widget\" data-e-type=\"widget\" data-widget_type=\"heading.default\">\n\t\t\t\t<div class=\"elementor-widget-container\">\n\t\t\t\t\t<p class=\"elementor-heading-title elementor-size-default\"><p data-start=\"70\" data-end=\"372\" style=\"letter-spacing: normal;white-space: normal\">ABOil Lubricants on p\u00fchendunud mootorite, masinate ja seadmete t\u00f5rgeteta t\u00f6\u00f6s hoidmisele kvaliteetsete \u00f5lide ja m\u00e4\u00e4retega. Meie m\u00e4\u00e4rdeained on m\u00f5eldud nii auto-, t\u00f6\u00f6stus-, p\u00f5llumajandus- kui ka merendusseadmete jaoks, et v\u00e4hendada h\u00f5\u00f5rdumist, ennetada kulumist ja tagada pikaajaline j\u00f5udlus, olenemata sellest, kas need on m\u00f5eldud auto-, t\u00f6\u00f6stus-, p\u00f5llumajandus- v\u00f5i merendusseadmete jaoks. <\/p><p data-start=\"374\" data-end=\"729\" style=\"letter-spacing: normal;white-space: normal\">ABOil Lubricants keskendub usaldusv\u00e4\u00e4rsusele ja t\u00f5hususele ning pakub ulatuslikku tootevalikut, sealhulgas mootori\u00f5lid, h\u00fcdraulikavedelikud, hammasratta\u00f5lid ja m\u00e4\u00e4rded. Meie koostised on hoolikalt v\u00e4lja t\u00f6\u00f6tatud, et vastata t\u00f6\u00f6stusstandarditele, pakkudes optimaalset kaitset erinevates t\u00f6\u00f6tingimustes, alates \u00e4\u00e4rmuslikest temperatuuridest kuni suure t\u00f6\u00f6koormuseni. <\/p><p data-start=\"731\" data-end=\"1087\" style=\"letter-spacing: normal;white-space: normal\">Kasutades kvaliteetseid baas\u00f5lisid ja t\u00e4iustatud lisandeid, aitavad ABOil Lubricants pikendada mootorite ja masinate eluiga, parandades samal ajal k\u00fctuses\u00e4\u00e4stlikkust ja v\u00e4hendades hoolduskulusid. Olenemata sellest, kas vajate m\u00e4\u00e4rdeainet suure j\u00f5udlusega s\u00f5idukite, t\u00f6\u00f6stusseadmete v\u00f5i igap\u00e4evase kasutamise jaoks, v\u00f5ite usaldada ABOili, et see pakub teile vajalikku kaitset ja j\u00f5udlust. <span style=\"white-space: pre-wrap;font-family: var(--theme-primary-font);letter-spacing: var(--theme-letter-spacing);text-align: var(--bs-body-text-align)\"><\/span><\/p><\/p>\t\t\t\t<\/div>\n\t\t\t\t<\/div>\n\t\t\t\t\t<\/div>\n\t\t<\/div>\n\t\t\t\t\t<\/div>\n\t\t<\/section>\n\t\t\t\t<\/div>\n\t\t","protected":false},"excerpt":{"rendered":"<p>ABOIL LUBRICANTS ABOil Lubricants on p\u00fchendunud mootorite, masinate ja seadmete t\u00f5rgeteta t\u00f6\u00f6s hoidmisele kvaliteetsete \u00f5lide ja m\u00e4\u00e4retega. Meie m\u00e4\u00e4rdeained on m\u00f5eldud nii auto-, t\u00f6\u00f6stus-, p\u00f5llumajandus- kui ka merendusseadmete jaoks, et v\u00e4hendada h\u00f5\u00f5rdumist, ennetada kulumist ja tagada pikaajaline j\u00f5udlus, olenemata sellest, kas need on m\u00f5eldud auto-, t\u00f6\u00f6stus-, p\u00f5llumajandus- v\u00f5i merendusseadmete jaoks. ABOil Lubricants keskendub usaldusv\u00e4\u00e4rsusele ja<\/p>\n<div class=\"klb-readmore button\"><a class=\"btn link\" href=\"https:\/\/aboil.fi\/et\/meist\/\">Read More <i class=\"klbth-icon-right-arrow\"><\/i><\/a><\/div>\n","protected":false},"author":1,"featured_media":0,"parent":0,"menu_order":0,"comment_status":"closed","ping_status":"closed","template":"","meta":{"footnotes":""},"class_list":["post-6151","page","type-page","status-publish","hentry"],"_links":{"self":[{"href":"https:\/\/aboil.fi\/et\/wp-json\/wp\/v2\/pages\/6151","targetHints":{"allow":["GET"]}}],"collection":[{"href":"https:\/\/aboil.fi\/et\/wp-json\/wp\/v2\/pages"}],"about":[{"href":"https:\/\/aboil.fi\/et\/wp-json\/wp\/v2\/types\/page"}],"author":[{"embeddable":true,"href":"https:\/\/aboil.fi\/et\/wp-json\/wp\/v2\/users\/1"}],"replies":[{"embeddable":true,"href":"https:\/\/aboil.fi\/et\/wp-json\/wp\/v2\/comments?post=6151"}],"version-history":[{"count":1,"href":"https:\/\/aboil.fi\/et\/wp-json\/wp\/v2\/pages\/6151\/revisions"}],"predecessor-version":[{"id":6152,"href":"https:\/\/aboil.fi\/et\/wp-json\/wp\/v2\/pages\/6151\/revisions\/6152"}],"wp:attachment":[{"href":"https:\/\/aboil.fi\/et\/wp-json\/wp\/v2\/media?parent=6151"}],"curies":[{"name":"wp","href":"https:\/\/api.w.org\/{rel}","templated":true}]}}