{"id":6156,"date":"2025-04-16T16:45:58","date_gmt":"2025-04-16T14:45:58","guid":{"rendered":"https:\/\/aboil.fi\/pealeht-2\/"},"modified":"2025-10-02T15:35:37","modified_gmt":"2025-10-02T13:35:37","slug":"pealeht-2","status":"publish","type":"page","link":"https:\/\/aboil.fi\/et\/","title":{"rendered":"Pealeht"},"content":{"rendered":"\t\t<div data-elementor-type=\"wp-page\" data-elementor-id=\"6156\" class=\"elementor elementor-6156 elementor-6005\">\n\t\t\t\t<div class=\"elementor-element elementor-element-e891041 e-flex e-con-boxed e-con e-parent\" data-id=\"e891041\" data-element_type=\"container\" data-e-type=\"container\">\n\t\t\t\t\t<div class=\"e-con-inner\">\n\t\t\t\t<div class=\"elementor-element elementor-element-9a91619 elementor-widget__width-inherit elementor-widget elementor-widget-slides\" data-id=\"9a91619\" data-element_type=\"widget\" data-e-type=\"widget\" data-widget_type=\"slides.default\">\n\t\t\t\t<div class=\"elementor-widget-container\">\n\t\t\t\t\t \t\t\t\t<\/div>\n\t\t\t\t<\/div>\n\t\t\t\t\t<\/div>\n\t\t\t\t<\/div>\n\t\t<div class=\"elementor-element elementor-element-af860ae e-flex e-con-boxed e-con e-parent\" data-id=\"af860ae\" data-element_type=\"container\" data-e-type=\"container\">\n\t\t\t\t\t<div class=\"e-con-inner\">\n\t\t\t\t<div class=\"elementor-element elementor-element-b602945 elementor-widget elementor-widget-image\" data-id=\"b602945\" data-element_type=\"widget\" data-e-type=\"widget\" data-widget_type=\"image.default\">\n\t\t\t\t<div class=\"elementor-widget-container\">\n\t\t\t\t\t\t\t\t\t\t\t\t\t\t\t<img decoding=\"async\" width=\"300\" height=\"98\" src=\"https:\/\/aboil.fi\/wp-content\/uploads\/2025\/04\/aboil-logo-lubs-300x98.png\" class=\"attachment-medium size-medium wp-image-6009\" alt=\"\" srcset=\"https:\/\/aboil.fi\/wp-content\/uploads\/2025\/04\/aboil-logo-lubs-300x98.png 300w, https:\/\/aboil.fi\/wp-content\/uploads\/2025\/04\/aboil-logo-lubs-768x250.png 768w, https:\/\/aboil.fi\/wp-content\/uploads\/2025\/04\/aboil-logo-lubs-600x196.png 600w, https:\/\/aboil.fi\/wp-content\/uploads\/2025\/04\/aboil-logo-lubs-90x29.png 90w, https:\/\/aboil.fi\/wp-content\/uploads\/2025\/04\/aboil-logo-lubs.png 1000w\" sizes=\"(max-width: 300px) 100vw, 300px\" \/>\t\t\t\t\t\t\t\t\t\t\t\t\t\t\t<\/div>\n\t\t\t\t<\/div>\n\t\t\t\t<div class=\"elementor-element elementor-element-9eb7ffb elementor-widget elementor-widget-text-editor\" data-id=\"9eb7ffb\" data-element_type=\"widget\" data-e-type=\"widget\" data-widget_type=\"text-editor.default\">\n\t\t\t\t<div class=\"elementor-widget-container\">\n\t\t\t\t\t\t\t\t\t<p style=\"text-align: center;\">ABOil Lubricants on m\u00e4\u00e4rdeainete kaubam\u00e4rk, mis on loodud mootorite, masinate ja seadmete t\u00f5rgeteta t\u00f6\u00f6 tagamiseks. Meie kvaliteetsed \u00f5lid ja m\u00e4\u00e4rded pakuvad suurep\u00e4rast kaitset kulumise, h\u00f5\u00f5rdumise ja kuumuse eest, olgu need siis auto-, t\u00f6\u00f6stus- v\u00f5i igap\u00e4evaseks kasutamiseks. <\/p>\t\t\t\t\t\t\t\t<\/div>\n\t\t\t\t<\/div>\n\t\t\t\t\t<\/div>\n\t\t\t\t<\/div>\n\t\t<div class=\"elementor-element elementor-element-3ea8999 e-flex e-con-boxed e-con e-parent\" data-id=\"3ea8999\" data-element_type=\"container\" data-e-type=\"container\">\n\t\t\t\t\t<div class=\"e-con-inner\">\n\t\t\t\t<div class=\"elementor-element elementor-element-d9d46c2 elementor-widget elementor-widget-partdo-product-grid\" data-id=\"d9d46c2\" data-element_type=\"widget\" data-e-type=\"widget\" data-widget_type=\"partdo-product-grid.default\">\n\t\t\t\t<div class=\"elementor-widget-container\">\n\t\t\t\t\t<div class=\"klbth-module klbth-module-product-grid dumps\"><div class=\"klbth-module-header with-border color-danger counter-active align-default\"><h3 class=\"entry-title\">Latest Products<\/h3><a class=\"btn link\" href=\"\" > View All <i class=\"klbth-icon-arrow-right-long\"><\/i><\/a><\/div><div class=\"module-wrapper\"><div class=\"products gutter-30 column-4 mobile-2 total-4\"><div class=\"column-item product type-product post-6610 status-publish first instock product_cat-motor-oils-et product_tag-5w-40-et product_tag-diesel-et product_tag-engine-et product_tag-gasoline-et product_tag-lubricant-et product_tag-motor-et product_tag-oil-et product_tag-solar-et has-post-thumbnail taxable shipping-taxable purchasable product-type-simple\"><div class=\"product product-type-3\"> <div class=\"product-wrapper\"><div class=\"product-content\"><div class=\"thumbnail-wrapper entry-media\"> <a class=\"product-thumbnail\" href=\"https:\/\/aboil.fi\/et\/product\/aboil-solar-5w-40-1l\/\"><img decoding=\"async\" src=\"https:\/\/aboil.fi\/wp-content\/uploads\/2024\/11\/aboil-canister-1l-black-front-2-500x500.png\" alt=\"ABOil Solar 5W-40 \u2013 1L\"><\/a><div class=\"product-buttons\"> <div class=\"wishlist-button\"><a href=\"https:\/\/aboil.fi\/wishlist\/\" class=\"klbwl-btn klbwl-btn-6610\" data-product_id=\"6610\" data-product_title=\"ABOil Solar 5W-40 - 1L\">Add to wishlist<\/a><\/div><!-- wishlist-button --><a href=\"?add-to-compare=6610\" class=\"woosc-btn woosc-btn-6610 \" rel=\"nofollow\" data-text=\"Compare\" data-text_added=\"Compare\" data-id=\"6610\" data-product_id=\"6610\" data-product_name=\"ABOil Solar 5W-40 - 1L\" data-product_image=\"https:\/\/aboil.fi\/wp-content\/uploads\/2024\/11\/aboil-canister-1l-black-front-2-150x150.png\">Compare<\/a><a class=\"detail-bnt quickview\" data-product_id=\"6610\"><i class=\"klbth-icon-eye-empty\"><\/i><\/a> <\/div> <\/div><div class=\"content-wrapper\"><h3 class=\"product-title\"> <a href=\"https:\/\/aboil.fi\/et\/product\/aboil-solar-5w-40-1l\/\">ABOil Solar 5W-40 \u2013 1L<\/a><\/h3><span class=\"price\"><span class=\"woocommerce-Price-amount amount\"><bdi>12,20\u00a0<span class=\"woocommerce-Price-currencySymbol\">\u20ac<\/span><\/bdi><\/span><\/span><\/div><\/div><div class=\"product-footer\"><div class=\"product-footer-inner\"> <div class=\"product-footer-details\"> <span lang=\"EN-GB\">ABOil Solar 5W-40 on madala tuhasusega s\u00fcnteetiline mootori\u00f5li kaasaegsetele mootoritele.<\/span><\/div><a href=\"\/et\/wp-json\/wp\/v2\/pages\/6156?add-to-cart=6610\" aria-describedby=\"woocommerce_loop_add_to_cart_link_describedby_6610\" data-quantity=\"1\" class=\"primary  button product_type_simple add_to_cart_button ajax_add_to_cart\" data-product_id=\"6610\" data-product_sku=\"431461\" aria-label=\"Add to cart: \u201cABOil Solar 5W-40 - 1L\u201d\" rel=\"nofollow\" data-success_message=\"\u201cABOil Solar 5W-40 - 1L\u201d has been added to your cart\" role=\"button\">Lisa korvi <i class=\"klbth-icon-shopping-bag\"><\/i><\/a>\t<span id=\"woocommerce_loop_add_to_cart_link_describedby_6610\" class=\"screen-reader-text\">\r\n\t\t\t<\/span>\r\n<\/div><\/div><\/div><div class=\"product-content-fade\"><\/div><\/div><\/div><div class=\"column-item product type-product post-6582 status-publish instock product_cat-chain-oils-et product_tag-chain-saw-et product_tag-lubricant-et product_tag-oil-et product_tag-pluto-et has-post-thumbnail taxable shipping-taxable purchasable product-type-simple\"><div class=\"product product-type-3\"> <div class=\"product-wrapper\"><div class=\"product-content\"><div class=\"thumbnail-wrapper entry-media\"> <a class=\"product-thumbnail\" href=\"https:\/\/aboil.fi\/et\/product\/aboil-pluto-chain-saw-1l\/\"><img decoding=\"async\" src=\"https:\/\/aboil.fi\/wp-content\/uploads\/2024\/11\/aboil-canister-1l-black-front-6-500x500.png\" alt=\"ABOil Pluto Chain Saw \u2013 1L\"><\/a><div class=\"product-buttons\"> <div class=\"wishlist-button\"><a href=\"https:\/\/aboil.fi\/wishlist\/\" class=\"klbwl-btn klbwl-btn-6582\" data-product_id=\"6582\" data-product_title=\"ABOil Pluto Chain Saw - 1L\">Add to wishlist<\/a><\/div><!-- wishlist-button --><a href=\"?add-to-compare=6582\" class=\"woosc-btn woosc-btn-6582 \" rel=\"nofollow\" data-text=\"Compare\" data-text_added=\"Compare\" data-id=\"6582\" data-product_id=\"6582\" data-product_name=\"ABOil Pluto Chain Saw - 1L\" data-product_image=\"https:\/\/aboil.fi\/wp-content\/uploads\/2024\/11\/aboil-canister-1l-black-front-6-150x150.png\">Compare<\/a><a class=\"detail-bnt quickview\" data-product_id=\"6582\"><i class=\"klbth-icon-eye-empty\"><\/i><\/a> <\/div> <\/div><div class=\"content-wrapper\"><h3 class=\"product-title\"> <a href=\"https:\/\/aboil.fi\/et\/product\/aboil-pluto-chain-saw-1l\/\">ABOil Pluto Chain Saw \u2013 1L<\/a><\/h3><span class=\"price\"><span class=\"woocommerce-Price-amount amount\"><bdi>13,42\u00a0<span class=\"woocommerce-Price-currencySymbol\">\u20ac<\/span><\/bdi><\/span><\/span><\/div><\/div><div class=\"product-footer\"><div class=\"product-footer-inner\"> <div class=\"product-footer-details\"> <span lang=\"EN-GB\">ABOil Pluto Chain Saw on kettsaagide ketaste m\u00e4\u00e4rimiseks m\u00f5eldud \u00f5li.<\/span><\/div><a href=\"\/et\/wp-json\/wp\/v2\/pages\/6156?add-to-cart=6582\" aria-describedby=\"woocommerce_loop_add_to_cart_link_describedby_6582\" data-quantity=\"1\" class=\"primary  button product_type_simple add_to_cart_button ajax_add_to_cart\" data-product_id=\"6582\" data-product_sku=\"431161\" aria-label=\"Add to cart: \u201cABOil Pluto Chain Saw - 1L\u201d\" rel=\"nofollow\" data-success_message=\"\u201cABOil Pluto Chain Saw - 1L\u201d has been added to your cart\" role=\"button\">Lisa korvi <i class=\"klbth-icon-shopping-bag\"><\/i><\/a>\t<span id=\"woocommerce_loop_add_to_cart_link_describedby_6582\" class=\"screen-reader-text\">\r\n\t\t\t<\/span>\r\n<\/div><\/div><\/div><div class=\"product-content-fade\"><\/div><\/div><\/div><div class=\"column-item product type-product post-6586 status-publish instock product_cat-transmission-oils-et product_tag-automatic-et product_tag-lubricant-et product_tag-oil-et product_tag-transmission-et product_tag-venus-et has-post-thumbnail taxable shipping-taxable purchasable product-type-simple\"><div class=\"product product-type-3\"> <div class=\"product-wrapper\"><div class=\"product-content\"><div class=\"thumbnail-wrapper entry-media\"> <a class=\"product-thumbnail\" href=\"https:\/\/aboil.fi\/et\/product\/aboil-venus-automatic-s-1l\/\"><img decoding=\"async\" src=\"https:\/\/aboil.fi\/wp-content\/uploads\/2024\/11\/aboil-canister-1l-black-front-7-500x500.png\" alt=\"ABOil Venus Automatic S \u2013 1L\"><\/a><div class=\"product-buttons\"> <div class=\"wishlist-button\"><a href=\"https:\/\/aboil.fi\/wishlist\/\" class=\"klbwl-btn klbwl-btn-6586\" data-product_id=\"6586\" data-product_title=\"ABOil Venus Automatic S - 1L\">Add to wishlist<\/a><\/div><!-- wishlist-button --><a href=\"?add-to-compare=6586\" class=\"woosc-btn woosc-btn-6586 \" rel=\"nofollow\" data-text=\"Compare\" data-text_added=\"Compare\" data-id=\"6586\" data-product_id=\"6586\" data-product_name=\"ABOil Venus Automatic S - 1L\" data-product_image=\"https:\/\/aboil.fi\/wp-content\/uploads\/2024\/11\/aboil-canister-1l-black-front-7-150x150.png\">Compare<\/a><a class=\"detail-bnt quickview\" data-product_id=\"6586\"><i class=\"klbth-icon-eye-empty\"><\/i><\/a> <\/div> <\/div><div class=\"content-wrapper\"><h3 class=\"product-title\"> <a href=\"https:\/\/aboil.fi\/et\/product\/aboil-venus-automatic-s-1l\/\">ABOil Venus Automatic S \u2013 1L<\/a><\/h3><span class=\"price\"><span class=\"woocommerce-Price-amount amount\"><bdi>17,08\u00a0<span class=\"woocommerce-Price-currencySymbol\">\u20ac<\/span><\/bdi><\/span><\/span><\/div><\/div><div class=\"product-footer\"><div class=\"product-footer-inner\"> <div class=\"product-footer-details\"> <span lang=\"EN-GB\">ABOil Venus Automatic S on t\u00e4ielikult s\u00fcnteetiline ATF (Automatic Transmission Fluid) \u00f5li GM DEXRON III-H kvaliteeditasemel.<\/span><\/div><a href=\"\/et\/wp-json\/wp\/v2\/pages\/6156?add-to-cart=6586\" aria-describedby=\"woocommerce_loop_add_to_cart_link_describedby_6586\" data-quantity=\"1\" class=\"primary  button product_type_simple add_to_cart_button ajax_add_to_cart\" data-product_id=\"6586\" data-product_sku=\"431261\" aria-label=\"Add to cart: \u201cABOil Venus Automatic S - 1L\u201d\" rel=\"nofollow\" data-success_message=\"\u201cABOil Venus Automatic S - 1L\u201d has been added to your cart\" role=\"button\">Lisa korvi <i class=\"klbth-icon-shopping-bag\"><\/i><\/a>\t<span id=\"woocommerce_loop_add_to_cart_link_describedby_6586\" class=\"screen-reader-text\">\r\n\t\t\t<\/span>\r\n<\/div><\/div><\/div><div class=\"product-content-fade\"><\/div><\/div><\/div><div class=\"column-item product type-product post-6592 status-publish last instock product_cat-motor-oils-et product_tag-5w-30-et product_tag-diesel-et product_tag-engine-et product_tag-gasoline-et product_tag-lubricant-et product_tag-motor-et product_tag-oil-et product_tag-solar-et product_tag-solar-flare-et has-post-thumbnail taxable shipping-taxable purchasable product-type-simple\"><div class=\"product product-type-3\"> <div class=\"product-wrapper\"><div class=\"product-content\"><div class=\"thumbnail-wrapper entry-media\"> <a class=\"product-thumbnail\" href=\"https:\/\/aboil.fi\/et\/product\/aboil-solar-flare-iii-5w-30-1l\/\"><img decoding=\"async\" src=\"https:\/\/aboil.fi\/wp-content\/uploads\/2024\/11\/aboil-canister-1l-black-front-3-500x500.png\" alt=\"ABOil Solar Flare III 5W-30 \u2013 1L\"><\/a><div class=\"product-buttons\"> <div class=\"wishlist-button\"><a href=\"https:\/\/aboil.fi\/wishlist\/\" class=\"klbwl-btn klbwl-btn-6592\" data-product_id=\"6592\" data-product_title=\"ABOil Solar Flare III 5W-30 - 1L\">Add to wishlist<\/a><\/div><!-- wishlist-button --><a href=\"?add-to-compare=6592\" class=\"woosc-btn woosc-btn-6592 \" rel=\"nofollow\" data-text=\"Compare\" data-text_added=\"Compare\" data-id=\"6592\" data-product_id=\"6592\" data-product_name=\"ABOil Solar Flare III 5W-30 - 1L\" data-product_image=\"https:\/\/aboil.fi\/wp-content\/uploads\/2024\/11\/aboil-canister-1l-black-front-3-150x150.png\">Compare<\/a><a class=\"detail-bnt quickview\" data-product_id=\"6592\"><i class=\"klbth-icon-eye-empty\"><\/i><\/a> <\/div> <\/div><div class=\"content-wrapper\"><h3 class=\"product-title\"> <a href=\"https:\/\/aboil.fi\/et\/product\/aboil-solar-flare-iii-5w-30-1l\/\">ABOil Solar Flare III 5W-30 \u2013 1L<\/a><\/h3><span class=\"price\"><span class=\"woocommerce-Price-amount amount\"><bdi>18,30\u00a0<span class=\"woocommerce-Price-currencySymbol\">\u20ac<\/span><\/bdi><\/span><\/span><\/div><\/div><div class=\"product-footer\"><div class=\"product-footer-inner\"> <div class=\"product-footer-details\"> <span lang=\"EN-GB\">ABOil Solar Flare Ill 5W-30 on madala tuhasusega s\u00fcnteetiline mootori\u00f5li kaasaegsetele mootoritele.<\/span><\/div><a href=\"\/et\/wp-json\/wp\/v2\/pages\/6156?add-to-cart=6592\" aria-describedby=\"woocommerce_loop_add_to_cart_link_describedby_6592\" data-quantity=\"1\" class=\"primary  button product_type_simple add_to_cart_button ajax_add_to_cart\" data-product_id=\"6592\" data-product_sku=\"431561\" aria-label=\"Add to cart: \u201cABOil Solar Flare III 5W-30 - 1L\u201d\" rel=\"nofollow\" data-success_message=\"\u201cABOil Solar Flare III 5W-30 - 1L\u201d has been added to your cart\" role=\"button\">Lisa korvi <i class=\"klbth-icon-shopping-bag\"><\/i><\/a>\t<span id=\"woocommerce_loop_add_to_cart_link_describedby_6592\" class=\"screen-reader-text\">\r\n\t\t\t<\/span>\r\n<\/div><\/div><\/div><div class=\"product-content-fade\"><\/div><\/div><\/div><\/div><\/div><\/div>\t\t\t\t<\/div>\n\t\t\t\t<\/div>\n\t\t\t\t\t<\/div>\n\t\t\t\t<\/div>\n\t\t\t\t<\/div>\n\t\t","protected":false},"excerpt":{"rendered":"<p>ABOil Lubricants on m\u00e4\u00e4rdeainete kaubam\u00e4rk, mis on loodud mootorite, masinate ja seadmete t\u00f5rgeteta t\u00f6\u00f6 tagamiseks. Meie kvaliteetsed \u00f5lid ja m\u00e4\u00e4rded pakuvad suurep\u00e4rast kaitset kulumise, h\u00f5\u00f5rdumise ja kuumuse eest, olgu need siis auto-, t\u00f6\u00f6stus- v\u00f5i igap\u00e4evaseks kasutamiseks. Latest Products View All Add to Wishlist Add to Wishlist Compare ABOil Pluto Chain Saw \u2013 1L 13,42\u00a0\u20ac ABOil<\/p>\n<div class=\"klb-readmore button\"><a class=\"btn link\" href=\"https:\/\/aboil.fi\/et\/product\/aboil-solar-flare-iii-5w-30-1l\/\">Read More <i class=\"klbth-icon-right-arrow\"><\/i><\/a><\/div>\n","protected":false},"author":1,"featured_media":0,"parent":0,"menu_order":0,"comment_status":"closed","ping_status":"closed","template":"","meta":{"footnotes":""},"class_list":["post-6156","page","type-page","status-publish","hentry"],"_links":{"self":[{"href":"https:\/\/aboil.fi\/et\/wp-json\/wp\/v2\/pages\/6156","targetHints":{"allow":["GET"]}}],"collection":[{"href":"https:\/\/aboil.fi\/et\/wp-json\/wp\/v2\/pages"}],"about":[{"href":"https:\/\/aboil.fi\/et\/wp-json\/wp\/v2\/types\/page"}],"author":[{"embeddable":true,"href":"https:\/\/aboil.fi\/et\/wp-json\/wp\/v2\/users\/1"}],"replies":[{"embeddable":true,"href":"https:\/\/aboil.fi\/et\/wp-json\/wp\/v2\/comments?post=6156"}],"version-history":[{"count":12,"href":"https:\/\/aboil.fi\/et\/wp-json\/wp\/v2\/pages\/6156\/revisions"}],"predecessor-version":[{"id":6599,"href":"https:\/\/aboil.fi\/et\/wp-json\/wp\/v2\/pages\/6156\/revisions\/6599"}],"wp:attachment":[{"href":"https:\/\/aboil.fi\/et\/wp-json\/wp\/v2\/media?parent=6156"}],"curies":[{"name":"wp","href":"https:\/\/api.w.org\/{rel}","templated":true}]}}