{"id":6582,"date":"2024-11-13T19:12:54","date_gmt":"2024-11-13T17:12:54","guid":{"rendered":"https:\/\/aboil.fi\/product\/aboil-pluto-chain-saw-1l\/"},"modified":"2024-11-13T19:12:54","modified_gmt":"2024-11-13T17:12:54","slug":"aboil-pluto-chain-saw-1l","status":"publish","type":"product","link":"https:\/\/aboil.fi\/et\/product\/aboil-pluto-chain-saw-1l\/","title":{"rendered":"ABOil Pluto Chain Saw &#8211; 1L"},"content":{"rendered":"<div><span lang=\"EN-GB\"><strong>ABOil Pluto Chain Saw <\/strong>on kettsaagide ketaste m\u00e4\u00e4rimiseks m\u00f5eldud \u00f5li. See sisaldab puhtaid mineraal\u00f5lisid ja haardumist parandavaid lisandeid, mis parandavad oks\u00fcdatsioonikindlust ja haardumist. T\u00e4nu adhesiivsust parandavatele lisaainetele kleepub \u00f5li \u00e4\u00e4riku ja keti k\u00fclge, tagades t\u00f5husa m\u00e4\u00e4rimise. ABOil Pluto Chain Saw \u00f5litab kettsaagid ja kaitseb t\u00f5husalt ketid kulumise eest. Lisaks sellele \u00f5litab see liigendeid ja tihvtisid. See tagab aastaringse kasutamise.    <\/span><\/div>\n","protected":false},"excerpt":{"rendered":"<p><span lang=\"EN-GB\">ABOil Pluto Chain Saw on kettsaagide ketaste m\u00e4\u00e4rimiseks m\u00f5eldud \u00f5li.<\/span><\/p>\n","protected":false},"featured_media":5549,"template":"","meta":[],"product_brand":[],"product_cat":[352],"product_tag":[354,311,315,353],"class_list":{"0":"post-6582","1":"product","2":"type-product","3":"status-publish","4":"has-post-thumbnail","6":"product_cat-chain-oils-et","7":"product_tag-chain-saw-et","8":"product_tag-lubricant-et","9":"product_tag-oil-et","10":"product_tag-pluto-et","12":"first","13":"instock","14":"taxable","15":"shipping-taxable","16":"purchasable","17":"product-type-simple"},"_links":{"self":[{"href":"https:\/\/aboil.fi\/et\/wp-json\/wp\/v2\/product\/6582","targetHints":{"allow":["GET"]}}],"collection":[{"href":"https:\/\/aboil.fi\/et\/wp-json\/wp\/v2\/product"}],"about":[{"href":"https:\/\/aboil.fi\/et\/wp-json\/wp\/v2\/types\/product"}],"wp:featuredmedia":[{"embeddable":true,"href":"https:\/\/aboil.fi\/et\/wp-json\/wp\/v2\/media\/5549"}],"wp:attachment":[{"href":"https:\/\/aboil.fi\/et\/wp-json\/wp\/v2\/media?parent=6582"}],"wp:term":[{"taxonomy":"product_brand","embeddable":true,"href":"https:\/\/aboil.fi\/et\/wp-json\/wp\/v2\/product_brand?post=6582"},{"taxonomy":"product_cat","embeddable":true,"href":"https:\/\/aboil.fi\/et\/wp-json\/wp\/v2\/product_cat?post=6582"},{"taxonomy":"product_tag","embeddable":true,"href":"https:\/\/aboil.fi\/et\/wp-json\/wp\/v2\/product_tag?post=6582"}],"curies":[{"name":"wp","href":"https:\/\/api.w.org\/{rel}","templated":true}]}}