{"id":6586,"date":"2024-11-13T19:12:29","date_gmt":"2024-11-13T17:12:29","guid":{"rendered":"https:\/\/aboil.fi\/product\/aboil-venus-automatic-s-1l\/"},"modified":"2024-11-13T19:12:29","modified_gmt":"2024-11-13T17:12:29","slug":"aboil-venus-automatic-s-1l","status":"publish","type":"product","link":"https:\/\/aboil.fi\/et\/product\/aboil-venus-automatic-s-1l\/","title":{"rendered":"ABOil Venus Automatic S &#8211; 1L"},"content":{"rendered":"<div><span lang=\"EN-GB\"><strong>ABOil Venus Automatic S<\/strong> on t\u00e4ielikult s\u00fcnteetiline ATF (Automatic Transmission Fluid) \u00f5li GM DEXRON III-H kvaliteeditasemel. T\u00e4nu kvaliteetsetele s\u00fcnteetilistele baas\u00f5lidele ja kvaliteetsetele lisanditele on see suurep\u00e4rane valik ka veidi vanematele autodele, kui on vaja maksimaalset j\u00f5udlust ja t\u00f6\u00f6kindlust. ABOil Venus Automatic S kasutatakse paljudes kaasaegsetes s\u00f5iduautode ja v\u00e4ikeste tarbes\u00f5idukite automaatk\u00e4igukastides.<\/span><\/div>\n","protected":false},"excerpt":{"rendered":"<p><span lang=\"EN-GB\">ABOil Venus Automatic S on t\u00e4ielikult s\u00fcnteetiline ATF (Automatic Transmission Fluid) \u00f5li GM DEXRON III-H kvaliteeditasemel.<\/span><\/p>\n","protected":false},"featured_media":5555,"template":"","meta":[],"product_brand":[],"product_cat":[345],"product_tag":[348,311,315,347,346],"class_list":{"0":"post-6586","1":"product","2":"type-product","3":"status-publish","4":"has-post-thumbnail","6":"product_cat-transmission-oils-et","7":"product_tag-automatic-et","8":"product_tag-lubricant-et","9":"product_tag-oil-et","10":"product_tag-transmission-et","11":"product_tag-venus-et","13":"first","14":"instock","15":"taxable","16":"shipping-taxable","17":"purchasable","18":"product-type-simple"},"_links":{"self":[{"href":"https:\/\/aboil.fi\/et\/wp-json\/wp\/v2\/product\/6586","targetHints":{"allow":["GET"]}}],"collection":[{"href":"https:\/\/aboil.fi\/et\/wp-json\/wp\/v2\/product"}],"about":[{"href":"https:\/\/aboil.fi\/et\/wp-json\/wp\/v2\/types\/product"}],"wp:featuredmedia":[{"embeddable":true,"href":"https:\/\/aboil.fi\/et\/wp-json\/wp\/v2\/media\/5555"}],"wp:attachment":[{"href":"https:\/\/aboil.fi\/et\/wp-json\/wp\/v2\/media?parent=6586"}],"wp:term":[{"taxonomy":"product_brand","embeddable":true,"href":"https:\/\/aboil.fi\/et\/wp-json\/wp\/v2\/product_brand?post=6586"},{"taxonomy":"product_cat","embeddable":true,"href":"https:\/\/aboil.fi\/et\/wp-json\/wp\/v2\/product_cat?post=6586"},{"taxonomy":"product_tag","embeddable":true,"href":"https:\/\/aboil.fi\/et\/wp-json\/wp\/v2\/product_tag?post=6586"}],"curies":[{"name":"wp","href":"https:\/\/api.w.org\/{rel}","templated":true}]}}