{"id":6592,"date":"2024-11-13T19:12:02","date_gmt":"2024-11-13T17:12:02","guid":{"rendered":"https:\/\/aboil.fi\/product\/aboil-solar-flare-iii-5w-30-1l\/"},"modified":"2024-11-13T19:12:02","modified_gmt":"2024-11-13T17:12:02","slug":"aboil-solar-flare-iii-5w-30-1l","status":"publish","type":"product","link":"https:\/\/aboil.fi\/et\/product\/aboil-solar-flare-iii-5w-30-1l\/","title":{"rendered":"ABOil Solar Flare III 5W-30 &#8211; 1L"},"content":{"rendered":"<div>ABOil Solar Flare Ill 5W-30 on madala tuhasisaldusega s\u00fcnteetiline mootori\u00f5li kaasaegsetele mootoritele. See pakub suurt t\u00f6\u00f6kindlust ja v\u00f5imaldab maksimaalset k\u00fctusekulu v\u00e4hendamist. Uusim lisandite tehnoloogia hoiab mootori puhtana, v\u00e4hendab h\u00f5\u00f5rdumist ja tagab mootori maksimaalse eluea. ABOil Solar Flare Ill 5W-30 \u00f5li sobib kasutamiseks paljudes kaasaegsetes s\u00f5iduautodes, bensiini- ja diiselmootorites DPF-filtriga, eriti BMW, Mercedes-Benzi, Renault\u2019 ja Opeli autodel.<\/div>\n","protected":false},"excerpt":{"rendered":"<p><span lang=\"EN-GB\">ABOil Solar Flare Ill 5W-30 on madala tuhasusega s\u00fcnteetiline mootori\u00f5li kaasaegsetele mootoritele.<\/span><\/p>\n","protected":false},"featured_media":5531,"template":"","meta":[],"product_brand":[],"product_cat":[310],"product_tag":[340,318,314,317,311,313,315,312,333],"class_list":{"0":"post-6592","1":"product","2":"type-product","3":"status-publish","4":"has-post-thumbnail","6":"product_cat-motor-oils-et","7":"product_tag-5w-30-et","8":"product_tag-diesel-et","9":"product_tag-engine-et","10":"product_tag-gasoline-et","11":"product_tag-lubricant-et","12":"product_tag-motor-et","13":"product_tag-oil-et","14":"product_tag-solar-et","15":"product_tag-solar-flare-et","17":"first","18":"instock","19":"taxable","20":"shipping-taxable","21":"purchasable","22":"product-type-simple"},"_links":{"self":[{"href":"https:\/\/aboil.fi\/et\/wp-json\/wp\/v2\/product\/6592","targetHints":{"allow":["GET"]}}],"collection":[{"href":"https:\/\/aboil.fi\/et\/wp-json\/wp\/v2\/product"}],"about":[{"href":"https:\/\/aboil.fi\/et\/wp-json\/wp\/v2\/types\/product"}],"wp:featuredmedia":[{"embeddable":true,"href":"https:\/\/aboil.fi\/et\/wp-json\/wp\/v2\/media\/5531"}],"wp:attachment":[{"href":"https:\/\/aboil.fi\/et\/wp-json\/wp\/v2\/media?parent=6592"}],"wp:term":[{"taxonomy":"product_brand","embeddable":true,"href":"https:\/\/aboil.fi\/et\/wp-json\/wp\/v2\/product_brand?post=6592"},{"taxonomy":"product_cat","embeddable":true,"href":"https:\/\/aboil.fi\/et\/wp-json\/wp\/v2\/product_cat?post=6592"},{"taxonomy":"product_tag","embeddable":true,"href":"https:\/\/aboil.fi\/et\/wp-json\/wp\/v2\/product_tag?post=6592"}],"curies":[{"name":"wp","href":"https:\/\/api.w.org\/{rel}","templated":true}]}}