{"id":6598,"date":"2024-11-13T19:11:42","date_gmt":"2024-11-13T17:11:42","guid":{"rendered":"https:\/\/aboil.fi\/product\/aboil-solar-flare-fe-0w-20-1l\/"},"modified":"2024-11-13T19:11:42","modified_gmt":"2024-11-13T17:11:42","slug":"aboil-solar-flare-fe-0w-20-1l","status":"publish","type":"product","link":"https:\/\/aboil.fi\/et\/product\/aboil-solar-flare-fe-0w-20-1l\/","title":{"rendered":"ABOil Solar Flare FE 0W-20 &#8211; 1L"},"content":{"rendered":"<div><span lang=\"EN-GB\"><strong>ABOil Solar Flare FE 0W-20<\/strong> on t\u00e4ielikult s\u00fcnteetiline k\u00fctuses\u00e4\u00e4stu\u00f5li, mis on v\u00e4lja t\u00f6\u00f6tatud mootoritele, mis vajavad API SN madala viskoossusega \u00f5li. Lisaks v\u00e4hendab selle madal viskoossus mootoris sisemisi kadusid, mis v\u00f5imaldab paremat k\u00fctuses\u00e4\u00e4stu ja seel\u00e4bi v\u00e4hendab CO2 heitkoguseid. Seda \u00f5li saab kasutada paljudes alates 2014. aastast toodetud Volvo bensiini- ja diiselmootorites. Samuti sobib see erinevatesse mootoritesse, mis on m\u00f5eldud 0W-20 viskoossusele, n\u00e4iteks teatud Toyota mudelid ja h\u00fcbriids\u00f5idukid.  <\/span><\/div>\n","protected":false},"excerpt":{"rendered":"<p><span lang=\"EN-GB\">ABOil Solar Flare FE 0W-20 on t\u00e4ielikult s\u00fcnteetiline k\u00fctuses\u00e4\u00e4stu\u00f5li, mis on v\u00e4lja t\u00f6\u00f6tatud mootoritele, mis vajavad API SN madala viskoossusega \u00f5li.<\/span><\/p>\n","protected":false},"featured_media":5537,"template":"","meta":[],"product_brand":[],"product_cat":[310],"product_tag":[337,318,314,338,317,311,313,315,312,333],"class_list":{"0":"post-6598","1":"product","2":"type-product","3":"status-publish","4":"has-post-thumbnail","6":"product_cat-motor-oils-et","7":"product_tag-0w-20-et","8":"product_tag-diesel-et","9":"product_tag-engine-et","10":"product_tag-fuel-economy-et","11":"product_tag-gasoline-et","12":"product_tag-lubricant-et","13":"product_tag-motor-et","14":"product_tag-oil-et","15":"product_tag-solar-et","16":"product_tag-solar-flare-et","18":"first","19":"instock","20":"taxable","21":"shipping-taxable","22":"purchasable","23":"product-type-simple"},"_links":{"self":[{"href":"https:\/\/aboil.fi\/et\/wp-json\/wp\/v2\/product\/6598","targetHints":{"allow":["GET"]}}],"collection":[{"href":"https:\/\/aboil.fi\/et\/wp-json\/wp\/v2\/product"}],"about":[{"href":"https:\/\/aboil.fi\/et\/wp-json\/wp\/v2\/types\/product"}],"wp:featuredmedia":[{"embeddable":true,"href":"https:\/\/aboil.fi\/et\/wp-json\/wp\/v2\/media\/5537"}],"wp:attachment":[{"href":"https:\/\/aboil.fi\/et\/wp-json\/wp\/v2\/media?parent=6598"}],"wp:term":[{"taxonomy":"product_brand","embeddable":true,"href":"https:\/\/aboil.fi\/et\/wp-json\/wp\/v2\/product_brand?post=6598"},{"taxonomy":"product_cat","embeddable":true,"href":"https:\/\/aboil.fi\/et\/wp-json\/wp\/v2\/product_cat?post=6598"},{"taxonomy":"product_tag","embeddable":true,"href":"https:\/\/aboil.fi\/et\/wp-json\/wp\/v2\/product_tag?post=6598"}],"curies":[{"name":"wp","href":"https:\/\/api.w.org\/{rel}","templated":true}]}}