{"id":6604,"date":"2024-11-13T19:11:19","date_gmt":"2024-11-13T17:11:19","guid":{"rendered":"https:\/\/aboil.fi\/product\/aboil-solar-flare-0w-30-1l\/"},"modified":"2024-11-13T19:11:19","modified_gmt":"2024-11-13T17:11:19","slug":"aboil-solar-flare-0w-30-1l","status":"publish","type":"product","link":"https:\/\/aboil.fi\/et\/product\/aboil-solar-flare-0w-30-1l\/","title":{"rendered":"ABOil Solar Flare 0W-30 &#8211; 1L"},"content":{"rendered":"<div><span lang=\"EN-GB\"><strong>ABOil Solar Flare 0W-30<\/strong> koosneb t\u00e4ielikult s\u00fcnteetilistest baas\u00f5lidest ja k\u00f5rgekvaliteedilistest lisanditest, mis koos annavad tootele head m\u00e4\u00e4rdeomadused ja v\u00e4hendavad k\u00fctusekulu. See pakub t\u00f5husat kaitset kulumise eest ja head vastupidavust n\u00f5udlikul aastaringsel kasutamisel. ABOil Solar Flare 0W-30 on soovitatav erinevate autotootjate mootoritele, mis n\u00f5uavad madala h\u00f5\u00f5rdumisega SAE 0W-30 viskoossusklassi ja ACEA A5\/B5 t\u00fc\u00fcpi energias\u00e4\u00e4stliku \u00f5li kasutamist.<\/span><\/div>\n","protected":false},"excerpt":{"rendered":"<p><span lang=\"EN-GB\">ABOil Solar Flare 0W-30 koosneb t\u00e4ielikult s\u00fcnteetilistest baas\u00f5lidest ja k\u00f5rgekvaliteedilistest lisanditest, mis koos annavad tootele head m\u00e4\u00e4rdeomadused ja v\u00e4hendavad k\u00fctusekulu.<\/span><\/p>\n","protected":false},"featured_media":5543,"template":"","meta":[],"product_brand":[],"product_cat":[310],"product_tag":[334,318,314,317,311,313,315,312,333],"class_list":{"0":"post-6604","1":"product","2":"type-product","3":"status-publish","4":"has-post-thumbnail","6":"product_cat-motor-oils-et","7":"product_tag-0w-30-et","8":"product_tag-diesel-et","9":"product_tag-engine-et","10":"product_tag-gasoline-et","11":"product_tag-lubricant-et","12":"product_tag-motor-et","13":"product_tag-oil-et","14":"product_tag-solar-et","15":"product_tag-solar-flare-et","17":"first","18":"instock","19":"taxable","20":"shipping-taxable","21":"purchasable","22":"product-type-simple"},"_links":{"self":[{"href":"https:\/\/aboil.fi\/et\/wp-json\/wp\/v2\/product\/6604","targetHints":{"allow":["GET"]}}],"collection":[{"href":"https:\/\/aboil.fi\/et\/wp-json\/wp\/v2\/product"}],"about":[{"href":"https:\/\/aboil.fi\/et\/wp-json\/wp\/v2\/types\/product"}],"wp:featuredmedia":[{"embeddable":true,"href":"https:\/\/aboil.fi\/et\/wp-json\/wp\/v2\/media\/5543"}],"wp:attachment":[{"href":"https:\/\/aboil.fi\/et\/wp-json\/wp\/v2\/media?parent=6604"}],"wp:term":[{"taxonomy":"product_brand","embeddable":true,"href":"https:\/\/aboil.fi\/et\/wp-json\/wp\/v2\/product_brand?post=6604"},{"taxonomy":"product_cat","embeddable":true,"href":"https:\/\/aboil.fi\/et\/wp-json\/wp\/v2\/product_cat?post=6604"},{"taxonomy":"product_tag","embeddable":true,"href":"https:\/\/aboil.fi\/et\/wp-json\/wp\/v2\/product_tag?post=6604"}],"curies":[{"name":"wp","href":"https:\/\/api.w.org\/{rel}","templated":true}]}}