{"id":6607,"date":"2024-11-13T18:56:38","date_gmt":"2024-11-13T16:56:38","guid":{"rendered":"https:\/\/aboil.fi\/product\/aboil-solar-10w-40-1l\/"},"modified":"2024-11-13T18:56:38","modified_gmt":"2024-11-13T16:56:38","slug":"aboil-solar-10w-40-1l","status":"publish","type":"product","link":"https:\/\/aboil.fi\/et\/product\/aboil-solar-10w-40-1l\/","title":{"rendered":"ABOil Solar 10W-40 &#8211; 1L"},"content":{"rendered":"<div><span lang=\"EN-GB\"><strong>ABOil Solar 10W-40<\/strong> on pools\u00fcnteetiline, mitmevalikuline mootori\u00f5li. Selle mootori\u00f5li m\u00e4rkimisv\u00e4\u00e4rsed omadused on vananemiskindlus ja kindel t\u00f6\u00f6 etten\u00e4htud \u00f5li t\u00fchjendamisintervalli piires. ABOil Solar 10W-40 on mootori\u00f5li bensiini- ja diiselmootoriga s\u00f5iduautode aastaringseks kasutamiseks vastavalt tootja kasutusjuhendile. <\/span><\/div>\n","protected":false},"excerpt":{"rendered":"<div><span lang=\"EN-GB\">ABOil Solar 10W-40 on pools\u00fcnteetiline, mitmevalikuline mootori\u00f5li.<\/span><\/div>\n","protected":false},"featured_media":5519,"template":"","meta":[],"product_brand":[],"product_cat":[310],"product_tag":[319,318,314,317,311,313,315,312],"class_list":{"0":"post-6607","1":"product","2":"type-product","3":"status-publish","4":"has-post-thumbnail","6":"product_cat-motor-oils-et","7":"product_tag-10w-40-et","8":"product_tag-diesel-et","9":"product_tag-engine-et","10":"product_tag-gasoline-et","11":"product_tag-lubricant-et","12":"product_tag-motor-et","13":"product_tag-oil-et","14":"product_tag-solar-et","16":"first","17":"instock","18":"taxable","19":"shipping-taxable","20":"purchasable","21":"product-type-simple"},"_links":{"self":[{"href":"https:\/\/aboil.fi\/et\/wp-json\/wp\/v2\/product\/6607","targetHints":{"allow":["GET"]}}],"collection":[{"href":"https:\/\/aboil.fi\/et\/wp-json\/wp\/v2\/product"}],"about":[{"href":"https:\/\/aboil.fi\/et\/wp-json\/wp\/v2\/types\/product"}],"wp:featuredmedia":[{"embeddable":true,"href":"https:\/\/aboil.fi\/et\/wp-json\/wp\/v2\/media\/5519"}],"wp:attachment":[{"href":"https:\/\/aboil.fi\/et\/wp-json\/wp\/v2\/media?parent=6607"}],"wp:term":[{"taxonomy":"product_brand","embeddable":true,"href":"https:\/\/aboil.fi\/et\/wp-json\/wp\/v2\/product_brand?post=6607"},{"taxonomy":"product_cat","embeddable":true,"href":"https:\/\/aboil.fi\/et\/wp-json\/wp\/v2\/product_cat?post=6607"},{"taxonomy":"product_tag","embeddable":true,"href":"https:\/\/aboil.fi\/et\/wp-json\/wp\/v2\/product_tag?post=6607"}],"curies":[{"name":"wp","href":"https:\/\/api.w.org\/{rel}","templated":true}]}}