{"id":6610,"date":"2024-11-13T20:01:35","date_gmt":"2024-11-13T18:01:35","guid":{"rendered":"https:\/\/aboil.fi\/product\/aboil-solar-5w-40-1l\/"},"modified":"2024-11-13T18:01:35","modified_gmt":"2024-11-13T16:01:35","slug":"aboil-solar-5w-40-1l","status":"publish","type":"product","link":"https:\/\/aboil.fi\/et\/product\/aboil-solar-5w-40-1l\/","title":{"rendered":"ABOil Solar 5W-40 &#8211; 1L"},"content":{"rendered":"<div>\n<div><span lang=\"EN-GB\"><strong>ABOil Solar 5W-40<\/strong> on madala tuhasusega s\u00fcnteetiline mootori\u00f5li kaasaegsetele mootoritele. See pakub suurt t\u00f6\u00f6kindlust ja v\u00f5imaldab k\u00fctusekulu maksimaalselt v\u00e4hendada. Kaasaegne k\u00f5rgj\u00f5udlusega \u00f5li, mis minimeerib kulumist t\u00e4nu kiirele \u00f5liringlusele, eriti mootori soojenemisfaasis, v\u00f5imaldades maksimaalset koormust ja pakkudes suurt ohutusreservi. ABOil Solar 5W-40 v\u00f5ib kasutada paljudes uuemates s\u00f5iduautodes, bensiini- ja diiselmootorites, millel on DPF, eriti BMW, Mercedes-Benz ja Ford.<\/span><\/div>\n<\/div>\n","protected":false},"excerpt":{"rendered":"<p><span lang=\"EN-GB\">ABOil Solar 5W-40 on madala tuhasusega s\u00fcnteetiline mootori\u00f5li kaasaegsetele mootoritele.<\/span><\/p>\n","protected":false},"featured_media":5525,"template":"","meta":[],"product_brand":[],"product_cat":[310],"product_tag":[316,318,314,317,311,313,315,312],"class_list":{"0":"post-6610","1":"product","2":"type-product","3":"status-publish","4":"has-post-thumbnail","6":"product_cat-motor-oils-et","7":"product_tag-5w-40-et","8":"product_tag-diesel-et","9":"product_tag-engine-et","10":"product_tag-gasoline-et","11":"product_tag-lubricant-et","12":"product_tag-motor-et","13":"product_tag-oil-et","14":"product_tag-solar-et","16":"first","17":"instock","18":"taxable","19":"shipping-taxable","20":"purchasable","21":"product-type-simple"},"_links":{"self":[{"href":"https:\/\/aboil.fi\/et\/wp-json\/wp\/v2\/product\/6610","targetHints":{"allow":["GET"]}}],"collection":[{"href":"https:\/\/aboil.fi\/et\/wp-json\/wp\/v2\/product"}],"about":[{"href":"https:\/\/aboil.fi\/et\/wp-json\/wp\/v2\/types\/product"}],"wp:featuredmedia":[{"embeddable":true,"href":"https:\/\/aboil.fi\/et\/wp-json\/wp\/v2\/media\/5525"}],"wp:attachment":[{"href":"https:\/\/aboil.fi\/et\/wp-json\/wp\/v2\/media?parent=6610"}],"wp:term":[{"taxonomy":"product_brand","embeddable":true,"href":"https:\/\/aboil.fi\/et\/wp-json\/wp\/v2\/product_brand?post=6610"},{"taxonomy":"product_cat","embeddable":true,"href":"https:\/\/aboil.fi\/et\/wp-json\/wp\/v2\/product_cat?post=6610"},{"taxonomy":"product_tag","embeddable":true,"href":"https:\/\/aboil.fi\/et\/wp-json\/wp\/v2\/product_tag?post=6610"}],"curies":[{"name":"wp","href":"https:\/\/api.w.org\/{rel}","templated":true}]}}