{"id":6109,"date":"2022-11-01T08:46:40","date_gmt":"2022-11-01T06:46:40","guid":{"rendered":"https:\/\/aboil.fi\/myyntiehdot\/"},"modified":"2025-04-29T12:37:26","modified_gmt":"2025-04-29T10:37:26","slug":"myyntiehdot","status":"publish","type":"page","link":"https:\/\/aboil.fi\/fi\/myyntiehdot\/","title":{"rendered":"Myyntiehdot"},"content":{"rendered":"\t\t<div data-elementor-type=\"wp-page\" data-elementor-id=\"6109\" class=\"elementor elementor-6109 elementor-3558\">\n\t\t\t\t\t\t<section class=\"elementor-section elementor-top-section elementor-element elementor-element-acfe608 elementor-section-boxed elementor-section-height-default elementor-section-height-default\" data-id=\"acfe608\" data-element_type=\"section\" data-e-type=\"section\">\n\t\t\t\t\t\t<div class=\"elementor-container elementor-column-gap-extended\">\n\t\t\t\t\t<div class=\"elementor-column elementor-col-100 elementor-top-column elementor-element elementor-element-aa1b56e\" data-id=\"aa1b56e\" data-element_type=\"column\" data-e-type=\"column\">\n\t\t\t<div class=\"elementor-widget-wrap elementor-element-populated\">\n\t\t\t\t\t\t<div class=\"elementor-element elementor-element-5e87a19 elementor-widget elementor-widget-heading\" data-id=\"5e87a19\" data-element_type=\"widget\" data-e-type=\"widget\" data-widget_type=\"heading.default\">\n\t\t\t\t<div class=\"elementor-widget-container\">\n\t\t\t\t\t<h3 class=\"elementor-heading-title elementor-size-default\">Myyntiehdot<\/h3>\t\t\t\t<\/div>\n\t\t\t\t<\/div>\n\t\t\t\t<div class=\"elementor-element elementor-element-16cb3a6 elementor-widget elementor-widget-heading\" data-id=\"16cb3a6\" data-element_type=\"widget\" data-e-type=\"widget\" data-widget_type=\"heading.default\">\n\t\t\t\t<div class=\"elementor-widget-container\">\n\t\t\t\t\t<p class=\"elementor-heading-title elementor-size-default\">Verkkokaupan www.aboil.fi (j\u00e4ljemp\u00e4n\u00e4 \u201dverkkokauppa\u201d) omistaja on AB-Handling Estonia O\u00dc (rekisteritunnus 16898826), joka sijaitsee osoitteessa Roosikrantsi 11, 10119 Tallinna, Viro.<\/p>\t\t\t\t<\/div>\n\t\t\t\t<\/div>\n\t\t\t\t\t<\/div>\n\t\t<\/div>\n\t\t\t\t\t<\/div>\n\t\t<\/section>\n\t\t\t\t<section class=\"elementor-section elementor-top-section elementor-element elementor-element-56d70e7 elementor-section-boxed elementor-section-height-default elementor-section-height-default\" data-id=\"56d70e7\" data-element_type=\"section\" data-e-type=\"section\">\n\t\t\t\t\t\t<div class=\"elementor-container elementor-column-gap-extended\">\n\t\t\t\t\t<div class=\"elementor-column elementor-col-100 elementor-top-column elementor-element elementor-element-2f4c3cd\" data-id=\"2f4c3cd\" data-element_type=\"column\" data-e-type=\"column\">\n\t\t\t<div class=\"elementor-widget-wrap elementor-element-populated\">\n\t\t\t\t\t\t<div class=\"elementor-element elementor-element-fc65848 elementor-widget elementor-widget-heading\" data-id=\"fc65848\" data-element_type=\"widget\" data-e-type=\"widget\" data-widget_type=\"heading.default\">\n\t\t\t\t<div class=\"elementor-widget-container\">\n\t\t\t\t\t<h3 class=\"elementor-heading-title elementor-size-default\">Myyntisopimuksen voimassaolo, kaupalliset tiedot ja hintatiedot<\/h3>\t\t\t\t<\/div>\n\t\t\t\t<\/div>\n\t\t\t\t<div class=\"elementor-element elementor-element-94e2fcd elementor-widget elementor-widget-text-editor\" data-id=\"94e2fcd\" data-element_type=\"widget\" data-e-type=\"widget\" data-widget_type=\"text-editor.default\">\n\t\t\t\t<div class=\"elementor-widget-container\">\n\t\t\t\t\t\t\t\t\t<p>Myyntiehdot koskevat tavaroiden ostamista verkkokaupasta.<\/p><p>Verkkokaupassa myyt\u00e4vien tuotteiden hinnat on ilmoitettu tuotteiden yhteydess\u00e4. Hintaan lis\u00e4t\u00e4\u00e4n toimitusmaksu. <\/p><p>Toimitusmaksu riippuu ostajan sijainnista ja toimitustavasta. Toimitusmaksu n\u00e4ytet\u00e4\u00e4n ostajalle tilausta tehdess\u00e4. <\/p><p>Tietoa tavaroista on verkkokaupassa suoraan tavaran vieress\u00e4.<\/p>\t\t\t\t\t\t\t\t<\/div>\n\t\t\t\t<\/div>\n\t\t\t\t\t<\/div>\n\t\t<\/div>\n\t\t\t\t\t<\/div>\n\t\t<\/section>\n\t\t\t\t<section class=\"elementor-section elementor-top-section elementor-element elementor-element-13b0554 elementor-section-boxed elementor-section-height-default elementor-section-height-default\" data-id=\"13b0554\" data-element_type=\"section\" data-e-type=\"section\">\n\t\t\t\t\t\t<div class=\"elementor-container elementor-column-gap-extended\">\n\t\t\t\t\t<div class=\"elementor-column elementor-col-100 elementor-top-column elementor-element elementor-element-edb710a\" data-id=\"edb710a\" data-element_type=\"column\" data-e-type=\"column\">\n\t\t\t<div class=\"elementor-widget-wrap elementor-element-populated\">\n\t\t\t\t\t\t<div class=\"elementor-element elementor-element-747884e elementor-widget elementor-widget-heading\" data-id=\"747884e\" data-element_type=\"widget\" data-e-type=\"widget\" data-widget_type=\"heading.default\">\n\t\t\t\t<div class=\"elementor-widget-container\">\n\t\t\t\t\t<h3 class=\"elementor-heading-title elementor-size-default\">Tilauksen tekeminen<\/h3>\t\t\t\t<\/div>\n\t\t\t\t<\/div>\n\t\t\t\t<div class=\"elementor-element elementor-element-5050261 elementor-widget elementor-widget-text-editor\" data-id=\"5050261\" data-element_type=\"widget\" data-e-type=\"widget\" data-widget_type=\"text-editor.default\">\n\t\t\t\t<div class=\"elementor-widget-container\">\n\t\t\t\t\t\t\t\t\t<p>Tilausta varten sinun on lis\u00e4tt\u00e4v\u00e4 haluamasi tuotteet ostoskoriin. Tilauksen tekemist\u00e4 varten sinun on t\u00e4ytett\u00e4v\u00e4 vaaditut kent\u00e4t ja valittava sopiva toimitustapa. T\u00e4m\u00e4n j\u00e4lkeen n\u00e4yt\u00f6ll\u00e4 n\u00e4kyy maksun m\u00e4\u00e4r\u00e4, joka voidaan maksaa pankkisiirrolla tai muulla maksutavalla.  <\/p><p>T\u00e4m\u00e4 voidaan tehd\u00e4 turvallisesti seuraavilla <a href=\"http:\/\/www.makecommerce.net\/\">Maksekeskus AS<\/a> tarjoamilla maksutavoilla:<\/p><ul><li>Viron pankkimaksut: Swedbank, SEB, Luminor, LHV, Coop Pank, Pocopay, Citadele<\/li><li>Suomalaiset pankkimaksut: Aktia, \u00c5landsbanken, Danske, Handelsbanken, Nordea, Oma S\u00e4\u00e4st\u00f6pankki, OP, POP Pankki, S-Pankki, S\u00e4\u00e4stopankki<\/li><li>Korttimaksut: Visa \/ MasterCard<\/li><\/ul><p>Sopimus tulee voimaan p\u00e4iv\u00e4n\u00e4, jona verkkokaupan k\u00e4ytt\u00f6tilille maksettava summa on vastaanotettu.<\/p><p>Jos tilattuja tavaroita ei voida toimittaa tavaran vanhentumisen tai muun syyn vuoksi, ostajalle ilmoitetaan asiasta mahdollisimman pian ja maksetut rahat (toimituskulut mukaan lukien) palautetaan yleens\u00e4 1-2 ty\u00f6p\u00e4iv\u00e4n kuluessa. <span style=\"font-family: var(--theme-primary-font); font-size: var(--theme-font-size); letter-spacing: var(--theme-letter-spacing); text-align: var(--bs-body-text-align);\">Maksutavan mukaan maksun vastaanottaminen voi kest\u00e4\u00e4 jopa 7 ty\u00f6p\u00e4iv\u00e4\u00e4.<\/span><\/p>\t\t\t\t\t\t\t\t<\/div>\n\t\t\t\t<\/div>\n\t\t\t\t\t<\/div>\n\t\t<\/div>\n\t\t\t\t\t<\/div>\n\t\t<\/section>\n\t\t\t\t<section class=\"elementor-section elementor-top-section elementor-element elementor-element-c987ff7 elementor-section-boxed elementor-section-height-default elementor-section-height-default\" data-id=\"c987ff7\" data-element_type=\"section\" data-e-type=\"section\">\n\t\t\t\t\t\t<div class=\"elementor-container elementor-column-gap-extended\">\n\t\t\t\t\t<div class=\"elementor-column elementor-col-100 elementor-top-column elementor-element elementor-element-a74a4f3\" data-id=\"a74a4f3\" data-element_type=\"column\" data-e-type=\"column\">\n\t\t\t<div class=\"elementor-widget-wrap elementor-element-populated\">\n\t\t\t\t\t\t<div class=\"elementor-element elementor-element-a6741cb elementor-widget elementor-widget-heading\" data-id=\"a6741cb\" data-element_type=\"widget\" data-e-type=\"widget\" data-widget_type=\"heading.default\">\n\t\t\t\t<div class=\"elementor-widget-container\">\n\t\t\t\t\t<h3 class=\"elementor-heading-title elementor-size-default\">Toimitus osoitteeseen<\/h3>\t\t\t\t<\/div>\n\t\t\t\t<\/div>\n\t\t\t\t<div class=\"elementor-element elementor-element-acba517 elementor-widget elementor-widget-text-editor\" data-id=\"acba517\" data-element_type=\"widget\" data-e-type=\"widget\" data-widget_type=\"text-editor.default\">\n\t\t\t\t<div class=\"elementor-widget-container\">\n\t\t\t\t\t\t\t\t\t<p>Tavarat toimitetaan Viroon, Suomeen<\/p><p>Ostaja vastaa toimituskuluista, ja vastaavat hintatiedot n\u00e4kyv\u00e4t toimitustavan yhteydess\u00e4.<\/p><p>Viron sis\u00e4iset l\u00e4hetykset saapuvat ostajan ilmoittamaan m\u00e4\u00e4r\u00e4np\u00e4\u00e4h\u00e4n yleens\u00e4 3-7 ty\u00f6p\u00e4iv\u00e4n kuluessa kauppasopimuksen voimaantulosta. Viron ulkopuolelle toimitus tapahtuu 7-10 kalenterip\u00e4iv\u00e4n kuluessa. <\/p><p>Poikkeustapauksissa meill\u00e4 on oikeus toimittaa tavarat 30 kalenterip\u00e4iv\u00e4n kuluessa.<\/p><p>Jos verkkokauppa on ilmoittanut ostajalle verkkosivustolla tai tilausvahvistuksessa toimitusongelmista ja yli 30 kalenterip\u00e4iv\u00e4n m\u00e4\u00e4r\u00e4ajasta, sovelletaan verkkokaupan julkaisemaa m\u00e4\u00e4r\u00e4aikaa.<\/p><p> <\/p>\t\t\t\t\t\t\t\t<\/div>\n\t\t\t\t<\/div>\n\t\t\t\t\t<\/div>\n\t\t<\/div>\n\t\t\t\t\t<\/div>\n\t\t<\/section>\n\t\t\t\t<section class=\"elementor-section elementor-top-section elementor-element elementor-element-d7e8f2e elementor-section-boxed elementor-section-height-default elementor-section-height-default\" data-id=\"d7e8f2e\" data-element_type=\"section\" data-e-type=\"section\">\n\t\t\t\t\t\t<div class=\"elementor-container elementor-column-gap-extended\">\n\t\t\t\t\t<div class=\"elementor-column elementor-col-100 elementor-top-column elementor-element elementor-element-2d62e61\" data-id=\"2d62e61\" data-element_type=\"column\" data-e-type=\"column\">\n\t\t\t<div class=\"elementor-widget-wrap elementor-element-populated\">\n\t\t\t\t\t\t<div class=\"elementor-element elementor-element-c93442d elementor-widget elementor-widget-heading\" data-id=\"c93442d\" data-element_type=\"widget\" data-e-type=\"widget\" data-widget_type=\"heading.default\">\n\t\t\t\t<div class=\"elementor-widget-container\">\n\t\t\t\t\t<h3 class=\"elementor-heading-title elementor-size-default\">Peruuttamisoikeus<\/h3>\t\t\t\t<\/div>\n\t\t\t\t<\/div>\n\t\t\t\t<div class=\"elementor-element elementor-element-6c6413b elementor-widget elementor-widget-text-editor\" data-id=\"6c6413b\" data-element_type=\"widget\" data-e-type=\"widget\" data-widget_type=\"text-editor.default\">\n\t\t\t\t<div class=\"elementor-widget-container\">\n\t\t\t\t\t\t\t\t\t<p>Tilauksen vastaanottamisen j\u00e4lkeen ostajalla on oikeus peruuttaa s\u00e4hk\u00f6inen sopimus 14 p\u00e4iv\u00e4n kuluessa.<\/p><p>Peruuttamisoikeutta ei sovelleta, jos ostaja on oikeushenkil\u00f6.<\/p><p>14 p\u00e4iv\u00e4n peruuttamisoikeuden k\u00e4ytt\u00e4miseksi tilattuja tavaroita ei saa k\u00e4ytt\u00e4\u00e4 muulla tavoin kuin on tarpeen tavaroiden luonteen, ominaisuuksien ja toiminnan selvitt\u00e4miseksi samalla tavalla kuin on sallittua tavaroiden testaamiseksi fyysisess\u00e4 myym\u00e4l\u00e4ss\u00e4.<\/p><p>Jos tavaroita on k\u00e4ytetty muuhun kuin tavaran luonteen, ominaisuuksien ja toiminnan selvitt\u00e4miseen tarvittavaan tarkoitukseen tai jos tavaroissa on k\u00e4yt\u00f6n tai kulumisen merkkej\u00e4, verkkokaupalla on oikeus alentaa palautettavaa maksua tavaran arvon alenemisen mukaisesti.<\/p><p>Palauttaaksesi tavarat sinun on l\u00e4hetett\u00e4v\u00e4 peruutuslomake ja l\u00e4hetett\u00e4v\u00e4 se s\u00e4hk\u00f6postiosoitteeseemme viimeist\u00e4\u00e4n 14 p\u00e4iv\u00e4n kuluessa tavaroiden vastaanottamisesta.<\/p><p>Ostaja vastaa tavaran palauttamisesta aiheutuvista kustannuksista, paitsi jos palautuksen syyn\u00e4 on se, ett\u00e4 tavara ei vastaa tilattua (esim. se on v\u00e4\u00e4r\u00e4 tai viallinen).<\/p><p>Ostajan on palautettava tavarat 14 p\u00e4iv\u00e4n kuluessa hakemuksen j\u00e4tt\u00e4misest\u00e4 tai todistettava, ett\u00e4 h\u00e4n on luovuttanut ne rahdinkuljettajalle kyseisen ajan kuluessa.<\/p><p>Verkkokauppa palauttaa palautetun tavaran saatuaan ostajalle v\u00e4litt\u00f6m\u00e4sti, mutta viimeist\u00e4\u00e4n 14 p\u00e4iv\u00e4n kuluessa peruutuksen vastaanottamisesta, kaikki ostajalta sopimuksen perusteella saadut maksut.<\/p><p>Verkkokauppa voi kielt\u00e4yty\u00e4 palautuksesta ennen kuin se on vastaanottanut sopimuksen kohteena olevat tavarat tai ennen kuin ostaja on todistanut palauttaneensa tavarat, riippuen siit\u00e4, kumpi ajankohta on aikaisempi.<\/p><p>Jos ostaja on nimenomaisesti valinnut muun toimitustavan kuin verkkokaupan tarjoaman halvimman toimitustavan, verkkokauppa ei ole velvollinen korvaamaan kuluttajalle kustannuksia, jotka ylitt\u00e4v\u00e4t tavanomaisen toimitustavan kustannukset.<\/p><p>Verkkokaupalla on oikeus peruuttaa kauppa ja vaatia ostajalta tavaran palauttamista, jos tavaran hinta verkkokaupassa on merkitty virheest\u00e4 johtuen huomattavasti alle tavaran markkinahinnan.<\/p><p> <\/p>\t\t\t\t\t\t\t\t<\/div>\n\t\t\t\t<\/div>\n\t\t\t\t\t<\/div>\n\t\t<\/div>\n\t\t\t\t\t<\/div>\n\t\t<\/section>\n\t\t\t\t<section class=\"elementor-section elementor-top-section elementor-element elementor-element-88a04be elementor-section-boxed elementor-section-height-default elementor-section-height-default\" data-id=\"88a04be\" data-element_type=\"section\" data-e-type=\"section\">\n\t\t\t\t\t\t<div class=\"elementor-container elementor-column-gap-extended\">\n\t\t\t\t\t<div class=\"elementor-column elementor-col-100 elementor-top-column elementor-element elementor-element-ea42047\" data-id=\"ea42047\" data-element_type=\"column\" data-e-type=\"column\">\n\t\t\t<div class=\"elementor-widget-wrap elementor-element-populated\">\n\t\t\t\t\t\t<div class=\"elementor-element elementor-element-6790f5d elementor-widget elementor-widget-heading\" data-id=\"6790f5d\" data-element_type=\"widget\" data-e-type=\"widget\" data-widget_type=\"heading.default\">\n\t\t\t\t<div class=\"elementor-widget-container\">\n\t\t\t\t\t<h3 class=\"elementor-heading-title elementor-size-default\">Oikeus tehd\u00e4 valitus<\/h3>\t\t\t\t<\/div>\n\t\t\t\t<\/div>\n\t\t\t\t<div class=\"elementor-element elementor-element-fff7428 elementor-widget elementor-widget-text-editor\" data-id=\"fff7428\" data-element_type=\"widget\" data-e-type=\"widget\" data-widget_type=\"text-editor.default\">\n\t\t\t\t<div class=\"elementor-widget-container\">\n\t\t\t\t\t\t\t\t\t<p>Verkkokauppa vastaa ostajalle myydyn tavaran virheest\u00e4 tai puutteesta, joka on ollut olemassa jo toimitushetkell\u00e4 ja joka ilmenee enint\u00e4\u00e4n kahden vuoden kuluessa tavaran toimittamisesta ostajalle. T\u00e4m\u00e4n ensimm\u00e4isen vuoden aikana siit\u00e4, kun tavara on toimitettu ostajalle, virheen oletetaan olleen olemassa jo toimitushetkell\u00e4. Verkkokaupan vastuulla on kumota t\u00e4m\u00e4 olettamus.  <\/p><p>Jos virhe ilmenee, ostajalla on oikeus ottaa yhteytt\u00e4 verkkokauppaan viimeist\u00e4\u00e4n kahden kuukauden kuluessa l\u00e4hett\u00e4m\u00e4ll\u00e4 s\u00e4hk\u00f6postia osoitteeseen support@aboil.fi tai soittamalla numeroon +372 5454 0414.<\/p><p>Verkkokauppa ei vastaa tavaran toimituksen j\u00e4lkeen ilmenevist\u00e4 vioista, jotka johtuvat kuluttajan toimista tai laiminly\u00f6nneist\u00e4 (virheellinen k\u00e4ytt\u00f6, onnettomuus jne.) tai tavaran tavanomaisesta k\u00e4yt\u00f6st\u00e4 johtuvasta normaalista kulumisesta.<\/p><p>Jos Verkkokaupasta ostetuissa tavaroissa on virheit\u00e4, joista Verkkokauppa on vastuussa, Verkkokauppa korjaa tai vaihtaa vialliset tavarat. Jos tavaran korjaaminen tai korvaaminen ei ole mahdollista, Verkkokauppa palauttaa ostajalle kaikki kauppasopimukseen liittyv\u00e4t maksut. <\/p><p>Verkkokaupan on vastattava kuluttajan valitukseen kirjallisesti tai kirjallisesti toistettavassa muodossa 15 p\u00e4iv\u00e4n kuluessa.<\/p><p> <\/p>\t\t\t\t\t\t\t\t<\/div>\n\t\t\t\t<\/div>\n\t\t\t\t\t<\/div>\n\t\t<\/div>\n\t\t\t\t\t<\/div>\n\t\t<\/section>\n\t\t\t\t<section class=\"elementor-section elementor-top-section elementor-element elementor-element-79f9586 elementor-section-boxed elementor-section-height-default elementor-section-height-default\" data-id=\"79f9586\" data-element_type=\"section\" data-e-type=\"section\">\n\t\t\t\t\t\t<div class=\"elementor-container elementor-column-gap-extended\">\n\t\t\t\t\t<div class=\"elementor-column elementor-col-100 elementor-top-column elementor-element elementor-element-3521c15\" data-id=\"3521c15\" data-element_type=\"column\" data-e-type=\"column\">\n\t\t\t<div class=\"elementor-widget-wrap elementor-element-populated\">\n\t\t\t\t\t\t<div class=\"elementor-element elementor-element-04f647b elementor-widget elementor-widget-heading\" data-id=\"04f647b\" data-element_type=\"widget\" data-e-type=\"widget\" data-widget_type=\"heading.default\">\n\t\t\t\t<div class=\"elementor-widget-container\">\n\t\t\t\t\t<h3 class=\"elementor-heading-title elementor-size-default\">Riitojen ratkaiseminen<\/h3>\t\t\t\t<\/div>\n\t\t\t\t<\/div>\n\t\t\t\t<div class=\"elementor-element elementor-element-edacc4e elementor-widget elementor-widget-text-editor\" data-id=\"edacc4e\" data-element_type=\"widget\" data-e-type=\"widget\" data-widget_type=\"text-editor.default\">\n\t\t\t\t<div class=\"elementor-widget-container\">\n\t\t\t\t\t\t\t\t\t<p>Jos ostajalla on verkkokauppaa koskevia valituksia, ne on l\u00e4hetett\u00e4v\u00e4 s\u00e4hk\u00f6postitse osoitteeseen support@aboil.fi tai puhelimitse +372 54540414.<\/p><p>Jos ostaja ja verkkokauppa eiv\u00e4t pysty ratkaisemaan riitaa sopimuksella, ostaja voi k\u00e4\u00e4nty\u00e4 kuluttajariitalautakunnan puoleen. Voit tutustua menettelyn ehtoihin ja tehd\u00e4 hakemuksen <a href=\"https:\/\/ttja.ee\/en\/consumer-disputes-committee\">t\u00e4\u00e4ll\u00e4<\/a>. <\/p><p>Kuluttajariitalautakunta on toimivaltainen ratkaisemaan ostajan ja verkkokaupan v\u00e4lisest\u00e4 sopimuksesta johtuvat riidat. Ostajan valituksen tutkiminen komissiossa on maksutonta. <\/p><p>Ostaja voi k\u00e4\u00e4nty\u00e4 Euroopan unionin kuluttajariitojen <a href=\"https:\/\/ec.europa.eu\/consumers\/odr\/main\/?event=main.home2.show&lng=EE\">ratkaisufoorumin<\/a> puoleen.<\/p>\t\t\t\t\t\t\t\t<\/div>\n\t\t\t\t<\/div>\n\t\t\t\t\t<\/div>\n\t\t<\/div>\n\t\t\t\t\t<\/div>\n\t\t<\/section>\n\t\t\t\t<\/div>\n\t\t","protected":false},"excerpt":{"rendered":"<p>Myyntiehdot Verkkokaupan www.aboil.fi (j\u00e4ljemp\u00e4n\u00e4 \u201dverkkokauppa\u201d) omistaja on AB-Handling Estonia O\u00dc (rekisteritunnus 16898826), joka sijaitsee osoitteessa Roosikrantsi 11, 10119 Tallinna, Viro. Myyntisopimuksen voimassaolo, kaupalliset tiedot ja hintatiedot Myyntiehdot koskevat tavaroiden ostamista verkkokaupasta. Verkkokaupassa myyt\u00e4vien tuotteiden hinnat on ilmoitettu tuotteiden yhteydess\u00e4. Hintaan lis\u00e4t\u00e4\u00e4n toimitusmaksu. Toimitusmaksu riippuu ostajan sijainnista ja toimitustavasta. Toimitusmaksu n\u00e4ytet\u00e4\u00e4n ostajalle tilausta tehdess\u00e4. Tietoa tavaroista<\/p>\n<div class=\"klb-readmore button\"><a class=\"btn link\" href=\"https:\/\/aboil.fi\/fi\/myyntiehdot\/\">Read More <i class=\"klbth-icon-right-arrow\"><\/i><\/a><\/div>\n","protected":false},"author":1,"featured_media":0,"parent":0,"menu_order":0,"comment_status":"closed","ping_status":"closed","template":"","meta":{"footnotes":""},"class_list":["post-6109","page","type-page","status-publish","hentry"],"_links":{"self":[{"href":"https:\/\/aboil.fi\/fi\/wp-json\/wp\/v2\/pages\/6109","targetHints":{"allow":["GET"]}}],"collection":[{"href":"https:\/\/aboil.fi\/fi\/wp-json\/wp\/v2\/pages"}],"about":[{"href":"https:\/\/aboil.fi\/fi\/wp-json\/wp\/v2\/types\/page"}],"author":[{"embeddable":true,"href":"https:\/\/aboil.fi\/fi\/wp-json\/wp\/v2\/users\/1"}],"replies":[{"embeddable":true,"href":"https:\/\/aboil.fi\/fi\/wp-json\/wp\/v2\/comments?post=6109"}],"version-history":[{"count":2,"href":"https:\/\/aboil.fi\/fi\/wp-json\/wp\/v2\/pages\/6109\/revisions"}],"predecessor-version":[{"id":6189,"href":"https:\/\/aboil.fi\/fi\/wp-json\/wp\/v2\/pages\/6109\/revisions\/6189"}],"wp:attachment":[{"href":"https:\/\/aboil.fi\/fi\/wp-json\/wp\/v2\/media?parent=6109"}],"curies":[{"name":"wp","href":"https:\/\/api.w.org\/{rel}","templated":true}]}}