{"id":6136,"date":"2022-10-18T06:15:19","date_gmt":"2022-10-18T04:15:19","guid":{"rendered":"https:\/\/aboil.fi\/yhteystiedot\/"},"modified":"2025-10-02T13:39:19","modified_gmt":"2025-10-02T11:39:19","slug":"yhteystiedot","status":"publish","type":"page","link":"https:\/\/aboil.fi\/fi\/yhteystiedot\/","title":{"rendered":"Yhteystiedot"},"content":{"rendered":"\t\t<div data-elementor-type=\"wp-page\" data-elementor-id=\"6136\" class=\"elementor elementor-6136 elementor-2144\">\n\t\t\t\t<div class=\"elementor-element elementor-element-2d83177 e-flex e-con-boxed e-con e-parent\" data-id=\"2d83177\" data-element_type=\"container\" data-e-type=\"container\" data-settings=\"{&quot;background_background&quot;:&quot;classic&quot;}\">\n\t\t\t\t\t<div class=\"e-con-inner\">\n\t\t\t\t<div class=\"elementor-element elementor-element-1cec4b0 elementor-widget elementor-widget-heading\" data-id=\"1cec4b0\" data-element_type=\"widget\" data-e-type=\"widget\" data-widget_type=\"heading.default\">\n\t\t\t\t<div class=\"elementor-widget-container\">\n\t\t\t\t\t<h2 class=\"elementor-heading-title elementor-size-default\">YHTEYSTIEDOT<\/h2>\t\t\t\t<\/div>\n\t\t\t\t<\/div>\n\t\t\t\t\t<\/div>\n\t\t\t\t<\/div>\n\t\t<div class=\"elementor-element elementor-element-92dc194 e-grid e-con-boxed e-con e-parent\" data-id=\"92dc194\" data-element_type=\"container\" data-e-type=\"container\">\n\t\t\t\t\t<div class=\"e-con-inner\">\n\t\t<div class=\"elementor-element elementor-element-61d2e11 e-con-full e-flex e-con e-child\" data-id=\"61d2e11\" data-element_type=\"container\" data-e-type=\"container\" data-settings=\"{&quot;background_background&quot;:&quot;classic&quot;}\">\n\t\t\t\t<div class=\"elementor-element elementor-element-aa58f7d elementor-widget elementor-widget-heading\" data-id=\"aa58f7d\" data-element_type=\"widget\" data-e-type=\"widget\" data-widget_type=\"heading.default\">\n\t\t\t\t<div class=\"elementor-widget-container\">\n\t\t\t\t\t<h2 class=\"elementor-heading-title elementor-size-default\">Yleiset yhteystiedot<\/h2>\t\t\t\t<\/div>\n\t\t\t\t<\/div>\n\t\t\t\t<div class=\"elementor-element elementor-element-b5639b8 elementor-widget elementor-widget-partdo-contact-icon-box\" data-id=\"b5639b8\" data-element_type=\"widget\" data-e-type=\"widget\" data-widget_type=\"partdo-contact-icon-box.default\">\n\t\t\t\t<div class=\"elementor-widget-container\">\n\t\t\t\t\t<div class=\"contact-iconboxes\"><div class=\"iconbox\"><div class=\"icon\"> <i class=\"klbth-icon-envelope-filled\"><\/i><\/div><div class=\"detail\"> <span>Email Address\n<\/span><p><p><a href=\"mailto:info@aboil.fi\">info@aboil.fi<\/a><\/p><\/p><\/div><\/div><\/div>\t\t\t\t<\/div>\n\t\t\t\t<\/div>\n\t\t\t\t<div class=\"elementor-element elementor-element-1d27208 elementor-widget elementor-widget-heading\" data-id=\"1d27208\" data-element_type=\"widget\" data-e-type=\"widget\" data-widget_type=\"heading.default\">\n\t\t\t\t<div class=\"elementor-widget-container\">\n\t\t\t\t\t<span class=\"elementor-heading-title elementor-size-default\">Seuraa meit\u00e4 sosiaalisessa mediassa:\n<\/span>\t\t\t\t<\/div>\n\t\t\t\t<\/div>\n\t\t\t\t<div class=\"elementor-element elementor-element-92262f6 elementor-shape-circle elementor-grid-3 e-grid-align-left elementor-widget elementor-widget-social-icons\" data-id=\"92262f6\" data-element_type=\"widget\" data-e-type=\"widget\" data-widget_type=\"social-icons.default\">\n\t\t\t\t<div class=\"elementor-widget-container\">\n\t\t\t\t\t\t\t<div class=\"elementor-social-icons-wrapper elementor-grid\" role=\"list\">\n\t\t\t\t\t\t\t<span class=\"elementor-grid-item\" role=\"listitem\">\n\t\t\t\t\t<a class=\"elementor-icon elementor-social-icon elementor-social-icon-facebook elementor-repeater-item-3c979b1\" href=\"https:\/\/www.facebook.com\/people\/ABOil-Lubricants\/61576978007459\/\" target=\"_blank\">\n\t\t\t\t\t\t<span class=\"elementor-screen-only\">Facebook<\/span>\n\t\t\t\t\t\t<svg aria-hidden=\"true\" class=\"e-font-icon-svg e-fab-facebook\" viewBox=\"0 0 512 512\" xmlns=\"http:\/\/www.w3.org\/2000\/svg\"><path d=\"M504 256C504 119 393 8 256 8S8 119 8 256c0 123.78 90.69 226.38 209.25 245V327.69h-63V256h63v-54.64c0-62.15 37-96.48 93.67-96.48 27.14 0 55.52 4.84 55.52 4.84v61h-31.28c-30.8 0-40.41 19.12-40.41 38.73V256h68.78l-11 71.69h-57.78V501C413.31 482.38 504 379.78 504 256z\"><\/path><\/svg>\t\t\t\t\t<\/a>\n\t\t\t\t<\/span>\n\t\t\t\t\t\t\t<span class=\"elementor-grid-item\" role=\"listitem\">\n\t\t\t\t\t<a class=\"elementor-icon elementor-social-icon elementor-social-icon-instagram elementor-repeater-item-f3d2d1d\" target=\"_blank\">\n\t\t\t\t\t\t<span class=\"elementor-screen-only\">Instagram<\/span>\n\t\t\t\t\t\t<svg aria-hidden=\"true\" class=\"e-font-icon-svg e-fab-instagram\" viewBox=\"0 0 448 512\" xmlns=\"http:\/\/www.w3.org\/2000\/svg\"><path d=\"M224.1 141c-63.6 0-114.9 51.3-114.9 114.9s51.3 114.9 114.9 114.9S339 319.5 339 255.9 287.7 141 224.1 141zm0 189.6c-41.1 0-74.7-33.5-74.7-74.7s33.5-74.7 74.7-74.7 74.7 33.5 74.7 74.7-33.6 74.7-74.7 74.7zm146.4-194.3c0 14.9-12 26.8-26.8 26.8-14.9 0-26.8-12-26.8-26.8s12-26.8 26.8-26.8 26.8 12 26.8 26.8zm76.1 27.2c-1.7-35.9-9.9-67.7-36.2-93.9-26.2-26.2-58-34.4-93.9-36.2-37-2.1-147.9-2.1-184.9 0-35.8 1.7-67.6 9.9-93.9 36.1s-34.4 58-36.2 93.9c-2.1 37-2.1 147.9 0 184.9 1.7 35.9 9.9 67.7 36.2 93.9s58 34.4 93.9 36.2c37 2.1 147.9 2.1 184.9 0 35.9-1.7 67.7-9.9 93.9-36.2 26.2-26.2 34.4-58 36.2-93.9 2.1-37 2.1-147.8 0-184.8zM398.8 388c-7.8 19.6-22.9 34.7-42.6 42.6-29.5 11.7-99.5 9-132.1 9s-102.7 2.6-132.1-9c-19.6-7.8-34.7-22.9-42.6-42.6-11.7-29.5-9-99.5-9-132.1s-2.6-102.7 9-132.1c7.8-19.6 22.9-34.7 42.6-42.6 29.5-11.7 99.5-9 132.1-9s102.7-2.6 132.1 9c19.6 7.8 34.7 22.9 42.6 42.6 11.7 29.5 9 99.5 9 132.1s2.7 102.7-9 132.1z\"><\/path><\/svg>\t\t\t\t\t<\/a>\n\t\t\t\t<\/span>\n\t\t\t\t\t\t\t<span class=\"elementor-grid-item\" role=\"listitem\">\n\t\t\t\t\t<a class=\"elementor-icon elementor-social-icon elementor-social-icon-linkedin elementor-repeater-item-64af8d1\" href=\"https:\/\/www.linkedin.com\/company\/aboil\" target=\"_blank\">\n\t\t\t\t\t\t<span class=\"elementor-screen-only\">Linkedin<\/span>\n\t\t\t\t\t\t<svg aria-hidden=\"true\" class=\"e-font-icon-svg e-fab-linkedin\" viewBox=\"0 0 448 512\" xmlns=\"http:\/\/www.w3.org\/2000\/svg\"><path d=\"M416 32H31.9C14.3 32 0 46.5 0 64.3v383.4C0 465.5 14.3 480 31.9 480H416c17.6 0 32-14.5 32-32.3V64.3c0-17.8-14.4-32.3-32-32.3zM135.4 416H69V202.2h66.5V416zm-33.2-243c-21.3 0-38.5-17.3-38.5-38.5S80.9 96 102.2 96c21.2 0 38.5 17.3 38.5 38.5 0 21.3-17.2 38.5-38.5 38.5zm282.1 243h-66.4V312c0-24.8-.5-56.7-34.5-56.7-34.6 0-39.9 27-39.9 54.9V416h-66.4V202.2h63.7v29.2h.9c8.9-16.8 30.6-34.5 62.9-34.5 67.2 0 79.7 44.3 79.7 101.9V416z\"><\/path><\/svg>\t\t\t\t\t<\/a>\n\t\t\t\t<\/span>\n\t\t\t\t\t<\/div>\n\t\t\t\t\t\t<\/div>\n\t\t\t\t<\/div>\n\t\t\t\t<\/div>\n\t\t<div class=\"elementor-element elementor-element-2344f68 e-con-full e-flex e-con e-child\" data-id=\"2344f68\" data-element_type=\"container\" data-e-type=\"container\" data-settings=\"{&quot;background_background&quot;:&quot;classic&quot;}\">\n\t\t\t\t<div class=\"elementor-element elementor-element-c5992d4 elementor-widget elementor-widget-heading\" data-id=\"c5992d4\" data-element_type=\"widget\" data-e-type=\"widget\" data-widget_type=\"heading.default\">\n\t\t\t\t<div class=\"elementor-widget-container\">\n\t\t\t\t\t<h2 class=\"elementor-heading-title elementor-size-default\">Yrityksen Tiedot<\/h2>\t\t\t\t<\/div>\n\t\t\t\t<\/div>\n\t\t\t\t<div class=\"elementor-element elementor-element-4043223 elementor-widget elementor-widget-text-editor\" data-id=\"4043223\" data-element_type=\"widget\" data-e-type=\"widget\" data-widget_type=\"text-editor.default\">\n\t\t\t\t<div class=\"elementor-widget-container\">\n\t\t\t\t\t\t\t\t\t<p style=\"text-align: left;\"><b>AB-Handling OY<\/b><span style=\"font-family: var(--theme-primary-font); font-size: var(--theme-font-size); letter-spacing: var(--theme-letter-spacing);\">\n  <br>Reg. 3006996-5<br>Pajam\u00e4entie 2, 49460 Hamina, Finland\n<\/span><\/p>\t\t\t\t\t\t\t\t<\/div>\n\t\t\t\t<\/div>\n\t\t\t\t<div class=\"elementor-element elementor-element-be7a9d0 elementor-widget elementor-widget-text-editor\" data-id=\"be7a9d0\" data-element_type=\"widget\" data-e-type=\"widget\" data-widget_type=\"text-editor.default\">\n\t\t\t\t<div class=\"elementor-widget-container\">\n\t\t\t\t\t\t\t\t\t<p style=\"text-align: left;\"><b>AB-Handling Estonia O\u00dc<\/b><span style=\"font-family: var(--theme-primary-font); font-size: var(--theme-font-size); letter-spacing: var(--theme-letter-spacing);\">\n  <br>Reg. 16898826<br>Roosikrantsi 11, 10119 Tallinn, Estonia\n<\/span><\/p>\t\t\t\t\t\t\t\t<\/div>\n\t\t\t\t<\/div>\n\t\t\t\t<\/div>\n\t\t\t\t\t<\/div>\n\t\t\t\t<\/div>\n\t\t<div class=\"elementor-element elementor-element-c7061dc e-grid e-con-boxed e-con e-parent\" data-id=\"c7061dc\" data-element_type=\"container\" data-e-type=\"container\">\n\t\t\t\t\t<div class=\"e-con-inner\">\n\t\t<div class=\"elementor-element elementor-element-41c6238 e-con-full e-flex e-con e-child\" data-id=\"41c6238\" data-element_type=\"container\" data-e-type=\"container\" data-settings=\"{&quot;background_background&quot;:&quot;classic&quot;}\">\n\t\t\t\t<div class=\"elementor-element elementor-element-202e94e elementor-widget elementor-widget-heading\" data-id=\"202e94e\" data-element_type=\"widget\" data-e-type=\"widget\" data-widget_type=\"heading.default\">\n\t\t\t\t<div class=\"elementor-widget-container\">\n\t\t\t\t\t<h4 class=\"elementor-heading-title elementor-size-default\">Myynti (Suomi)<\/h4>\t\t\t\t<\/div>\n\t\t\t\t<\/div>\n\t\t\t\t<div class=\"elementor-element elementor-element-672a593 elementor-widget elementor-widget-image\" data-id=\"672a593\" data-element_type=\"widget\" data-e-type=\"widget\" data-widget_type=\"image.default\">\n\t\t\t\t<div class=\"elementor-widget-container\">\n\t\t\t\t\t\t\t\t\t\t\t\t\t\t\t<img decoding=\"async\" width=\"150\" height=\"150\" src=\"https:\/\/aboil.fi\/wp-content\/uploads\/2025\/04\/face-placeholder-300x300-1-150x150.png\" class=\"attachment-thumbnail size-thumbnail wp-image-6116\" alt=\"\" srcset=\"https:\/\/aboil.fi\/wp-content\/uploads\/2025\/04\/face-placeholder-300x300-1-150x150.png 150w, https:\/\/aboil.fi\/wp-content\/uploads\/2025\/04\/face-placeholder-300x300-1-54x54.png 54w, https:\/\/aboil.fi\/wp-content\/uploads\/2025\/04\/face-placeholder-300x300-1-96x96.png 96w, https:\/\/aboil.fi\/wp-content\/uploads\/2025\/04\/face-placeholder-300x300-1.png 300w\" sizes=\"(max-width: 150px) 100vw, 150px\" \/>\t\t\t\t\t\t\t\t\t\t\t\t\t\t\t<\/div>\n\t\t\t\t<\/div>\n\t\t\t\t<div class=\"elementor-element elementor-element-9715772 elementor-widget elementor-widget-text-editor\" data-id=\"9715772\" data-element_type=\"widget\" data-e-type=\"widget\" data-widget_type=\"text-editor.default\">\n\t\t\t\t<div class=\"elementor-widget-container\">\n\t\t\t\t\t\t\t\t\t<p style=\"text-align: center;\"><strong>Olli Seikku<\/strong><br>+358 44 989 7005<br>info@aboil.fi<\/p>\t\t\t\t\t\t\t\t<\/div>\n\t\t\t\t<\/div>\n\t\t\t\t<\/div>\n\t\t<div class=\"elementor-element elementor-element-1020916 e-con-full e-flex e-con e-child\" data-id=\"1020916\" data-element_type=\"container\" data-e-type=\"container\" data-settings=\"{&quot;background_background&quot;:&quot;classic&quot;}\">\n\t\t\t\t<div class=\"elementor-element elementor-element-163accb elementor-widget elementor-widget-heading\" data-id=\"163accb\" data-element_type=\"widget\" data-e-type=\"widget\" data-widget_type=\"heading.default\">\n\t\t\t\t<div class=\"elementor-widget-container\">\n\t\t\t\t\t<h4 class=\"elementor-heading-title elementor-size-default\">Myynti (Viro)<\/h4>\t\t\t\t<\/div>\n\t\t\t\t<\/div>\n\t\t\t\t<div class=\"elementor-element elementor-element-0e3a1a8 elementor-widget elementor-widget-image\" data-id=\"0e3a1a8\" data-element_type=\"widget\" data-e-type=\"widget\" data-widget_type=\"image.default\">\n\t\t\t\t<div class=\"elementor-widget-container\">\n\t\t\t\t\t\t\t\t\t\t\t\t\t\t\t<img decoding=\"async\" width=\"150\" height=\"150\" src=\"https:\/\/aboil.fi\/wp-content\/uploads\/2025\/04\/face-placeholder-300x300-1-150x150.png\" class=\"attachment-thumbnail size-thumbnail wp-image-6116\" alt=\"\" srcset=\"https:\/\/aboil.fi\/wp-content\/uploads\/2025\/04\/face-placeholder-300x300-1-150x150.png 150w, https:\/\/aboil.fi\/wp-content\/uploads\/2025\/04\/face-placeholder-300x300-1-54x54.png 54w, https:\/\/aboil.fi\/wp-content\/uploads\/2025\/04\/face-placeholder-300x300-1-96x96.png 96w, https:\/\/aboil.fi\/wp-content\/uploads\/2025\/04\/face-placeholder-300x300-1.png 300w\" sizes=\"(max-width: 150px) 100vw, 150px\" \/>\t\t\t\t\t\t\t\t\t\t\t\t\t\t\t<\/div>\n\t\t\t\t<\/div>\n\t\t\t\t<div class=\"elementor-element elementor-element-399bf3d elementor-widget elementor-widget-text-editor\" data-id=\"399bf3d\" data-element_type=\"widget\" data-e-type=\"widget\" data-widget_type=\"text-editor.default\">\n\t\t\t\t<div class=\"elementor-widget-container\">\n\t\t\t\t\t\t\t\t\t<p style=\"text-align: center;\"><strong>Artur Trubat\u0161ov<br>+372 53 494 000<br>+358 40 029 0002<br>at@abhandling.fi<\/strong><\/p>\t\t\t\t\t\t\t\t<\/div>\n\t\t\t\t<\/div>\n\t\t\t\t<\/div>\n\t\t<div class=\"elementor-element elementor-element-b8cab64 e-con-full e-flex e-con e-child\" data-id=\"b8cab64\" data-element_type=\"container\" data-e-type=\"container\" data-settings=\"{&quot;background_background&quot;:&quot;classic&quot;}\">\n\t\t\t\t<div class=\"elementor-element elementor-element-3e74c06 elementor-widget elementor-widget-heading\" data-id=\"3e74c06\" data-element_type=\"widget\" data-e-type=\"widget\" data-widget_type=\"heading.default\">\n\t\t\t\t<div class=\"elementor-widget-container\">\n\t\t\t\t\t<h4 class=\"elementor-heading-title elementor-size-default\">Logistiikka<\/h4>\t\t\t\t<\/div>\n\t\t\t\t<\/div>\n\t\t\t\t<div class=\"elementor-element elementor-element-fdadca7 elementor-widget elementor-widget-image\" data-id=\"fdadca7\" data-element_type=\"widget\" data-e-type=\"widget\" data-widget_type=\"image.default\">\n\t\t\t\t<div class=\"elementor-widget-container\">\n\t\t\t\t\t\t\t\t\t\t\t\t\t\t\t<img decoding=\"async\" width=\"150\" height=\"150\" src=\"https:\/\/aboil.fi\/wp-content\/uploads\/2025\/04\/face-placeholder-300x300-1-150x150.png\" class=\"attachment-thumbnail size-thumbnail wp-image-6116\" alt=\"\" srcset=\"https:\/\/aboil.fi\/wp-content\/uploads\/2025\/04\/face-placeholder-300x300-1-150x150.png 150w, https:\/\/aboil.fi\/wp-content\/uploads\/2025\/04\/face-placeholder-300x300-1-54x54.png 54w, https:\/\/aboil.fi\/wp-content\/uploads\/2025\/04\/face-placeholder-300x300-1-96x96.png 96w, https:\/\/aboil.fi\/wp-content\/uploads\/2025\/04\/face-placeholder-300x300-1.png 300w\" sizes=\"(max-width: 150px) 100vw, 150px\" \/>\t\t\t\t\t\t\t\t\t\t\t\t\t\t\t<\/div>\n\t\t\t\t<\/div>\n\t\t\t\t<div class=\"elementor-element elementor-element-2cc027a elementor-widget elementor-widget-text-editor\" data-id=\"2cc027a\" data-element_type=\"widget\" data-e-type=\"widget\" data-widget_type=\"text-editor.default\">\n\t\t\t\t<div class=\"elementor-widget-container\">\n\t\t\t\t\t\t\t\t\t<p style=\"text-align: center;\"><strong>Anastasia Totskaja<br><\/strong>+372 5471 0313<br>nt@abhandling.fi<\/p>\t\t\t\t\t\t\t\t<\/div>\n\t\t\t\t<\/div>\n\t\t\t\t<\/div>\n\t\t<div class=\"elementor-element elementor-element-3bc560d e-con-full e-flex e-con e-child\" data-id=\"3bc560d\" data-element_type=\"container\" data-e-type=\"container\" data-settings=\"{&quot;background_background&quot;:&quot;classic&quot;}\">\n\t\t\t\t<div class=\"elementor-element elementor-element-51a7f42 elementor-widget elementor-widget-heading\" data-id=\"51a7f42\" data-element_type=\"widget\" data-e-type=\"widget\" data-widget_type=\"heading.default\">\n\t\t\t\t<div class=\"elementor-widget-container\">\n\t\t\t\t\t<h4 class=\"elementor-heading-title elementor-size-default\">IT ja Viestint\u00e4<\/h4>\t\t\t\t<\/div>\n\t\t\t\t<\/div>\n\t\t\t\t<div class=\"elementor-element elementor-element-06b470f elementor-widget elementor-widget-image\" data-id=\"06b470f\" data-element_type=\"widget\" data-e-type=\"widget\" data-widget_type=\"image.default\">\n\t\t\t\t<div class=\"elementor-widget-container\">\n\t\t\t\t\t\t\t\t\t\t\t\t\t\t\t<img decoding=\"async\" width=\"150\" height=\"150\" src=\"https:\/\/aboil.fi\/wp-content\/uploads\/2025\/04\/face-placeholder-300x300-1-150x150.png\" class=\"attachment-thumbnail size-thumbnail wp-image-6116\" alt=\"\" srcset=\"https:\/\/aboil.fi\/wp-content\/uploads\/2025\/04\/face-placeholder-300x300-1-150x150.png 150w, https:\/\/aboil.fi\/wp-content\/uploads\/2025\/04\/face-placeholder-300x300-1-54x54.png 54w, https:\/\/aboil.fi\/wp-content\/uploads\/2025\/04\/face-placeholder-300x300-1-96x96.png 96w, https:\/\/aboil.fi\/wp-content\/uploads\/2025\/04\/face-placeholder-300x300-1.png 300w\" sizes=\"(max-width: 150px) 100vw, 150px\" \/>\t\t\t\t\t\t\t\t\t\t\t\t\t\t\t<\/div>\n\t\t\t\t<\/div>\n\t\t\t\t<div class=\"elementor-element elementor-element-bd03bde elementor-widget elementor-widget-text-editor\" data-id=\"bd03bde\" data-element_type=\"widget\" data-e-type=\"widget\" data-widget_type=\"text-editor.default\">\n\t\t\t\t<div class=\"elementor-widget-container\">\n\t\t\t\t\t\t\t\t\t<p style=\"text-align: center;\"><strong>Maxim Stefanovich<br><\/strong>+372 5454 0414<br>+358 40 029 0010<br>ms@abhandling.fi<\/p>\t\t\t\t\t\t\t\t<\/div>\n\t\t\t\t<\/div>\n\t\t\t\t<\/div>\n\t\t\t\t\t<\/div>\n\t\t\t\t<\/div>\n\t\t<div class=\"elementor-element elementor-element-df29e1c e-flex e-con-boxed e-con e-parent\" data-id=\"df29e1c\" data-element_type=\"container\" data-e-type=\"container\" id=\"request-contact-form\">\n\t\t\t\t\t<div class=\"e-con-inner\">\n\t\t\t\t<div class=\"elementor-element elementor-element-034dcb9 elementor-widget elementor-widget-heading\" data-id=\"034dcb9\" data-element_type=\"widget\" data-e-type=\"widget\" data-widget_type=\"heading.default\">\n\t\t\t\t<div class=\"elementor-widget-container\">\n\t\t\t\t\t<h2 class=\"elementor-heading-title elementor-size-default\">Yhteydenottolomake<\/h2>\t\t\t\t<\/div>\n\t\t\t\t<\/div>\n\t\t\t\t<div class=\"elementor-element elementor-element-745d681 elementor-widget elementor-widget-partdo-contact-form-7\" data-id=\"745d681\" data-element_type=\"widget\" data-e-type=\"widget\" data-widget_type=\"partdo-contact-form-7.default\">\n\t\t\t\t<div class=\"elementor-widget-container\">\n\t\t\t\t\t<div class=\"contact-form\">\n<div class=\"wpcf7 no-js\" id=\"wpcf7-f6570-o1\" lang=\"fi\" dir=\"ltr\" data-wpcf7-id=\"6570\">\n<div class=\"screen-reader-response\"><p role=\"status\" aria-live=\"polite\" aria-atomic=\"true\"><\/p> <ul><\/ul><\/div>\n<form action=\"\/fi\/wp-json\/wp\/v2\/pages\/6136#wpcf7-f6570-o1\" method=\"post\" class=\"wpcf7-form init\" aria-label=\"Yhteydenottolomake\" novalidate=\"novalidate\" data-status=\"init\">\n<fieldset class=\"hidden-fields-container\"><input type=\"hidden\" name=\"_wpcf7\" value=\"6570\" \/><input type=\"hidden\" name=\"_wpcf7_version\" value=\"6.1.5\" \/><input type=\"hidden\" name=\"_wpcf7_locale\" value=\"fi\" \/><input type=\"hidden\" name=\"_wpcf7_unit_tag\" value=\"wpcf7-f6570-o1\" \/><input type=\"hidden\" name=\"_wpcf7_container_post\" value=\"0\" \/><input type=\"hidden\" name=\"_wpcf7_posted_data_hash\" value=\"\" \/>\n<\/fieldset>\n<div class=\"row\">\n\t<div class=\"col-12 col-lg-6\">\n\t\t<p><label> Nimi * <\/label><br \/>\n<span class=\"wpcf7-form-control-wrap\" data-name=\"your-name\"><input size=\"40\" maxlength=\"400\" class=\"wpcf7-form-control wpcf7-text wpcf7-validates-as-required\" aria-required=\"true\" aria-invalid=\"false\" value=\"\" type=\"text\" name=\"your-name\" \/><\/span>\n\t\t<\/p>\n\t<\/div>\n\t<div class=\"col-12 col-lg-6\">\n\t\t<p><label> S\u00e4hk\u00f6posti *<\/label><br \/>\n<span class=\"wpcf7-form-control-wrap\" data-name=\"your-email\"><input size=\"40\" maxlength=\"400\" class=\"wpcf7-form-control wpcf7-email wpcf7-validates-as-required wpcf7-text wpcf7-validates-as-email\" aria-required=\"true\" aria-invalid=\"false\" value=\"\" type=\"email\" name=\"your-email\" \/><\/span>\n\t\t<\/p>\n\t<\/div>\n\t<div class=\"col-12 col-lg-12\">\n\t\t<p><label> Aihe * <\/label><br \/>\n<span class=\"wpcf7-form-control-wrap\" data-name=\"your-subject\"><input size=\"40\" maxlength=\"400\" class=\"wpcf7-form-control wpcf7-text wpcf7-validates-as-required\" aria-required=\"true\" aria-invalid=\"false\" value=\"\" type=\"text\" name=\"your-subject\" \/><\/span>\n\t\t<\/p>\n\t<\/div>\n\t<div class=\"col-12 col-lg-12\">\n\t\t<p><label> Viestisi <\/label><br \/>\n<span class=\"wpcf7-form-control-wrap\" data-name=\"your-message\"><textarea cols=\"40\" rows=\"10\" maxlength=\"2000\" class=\"wpcf7-form-control wpcf7-textarea\" aria-invalid=\"false\" name=\"your-message\"><\/textarea><\/span>\n\t\t<\/p>\n\t<\/div>\n\t<p><div class=\"cf7-cf-turnstile\" style=\"margin-top: 0px; margin-bottom: -15px;\"> <div id=\"cf-turnstile-cf7-897713571\" class=\"cf-turnstile\" data-callback=\"turnstileCF7Callback\" data-sitekey=\"0x4AAAAAAB4duVJUQjfvgVIi\" data-theme=\"light\" data-language=\"auto\" data-size=\"normal\" data-retry=\"auto\" data-retry-interval=\"1000\" data-refresh-expired=\"auto\" data-refresh-timeout=\"auto\" data-action=\"contact-form-7\" data-callback=\"turnstileCF7Callback\" data-appearance=\"always\"><\/div> <style>.wpcf7-submit { pointer-events: none; opacity: 0.5; }<\/style> <script>document.addEventListener(\"DOMContentLoaded\", function() { setTimeout(function(){ var e=document.getElementById(\"cf-turnstile-cf7-897713571\"); if(e&&!e.innerHTML.trim()){turnstile.render(e, {sitekey:\"0x4AAAAAAB4duVJUQjfvgVIi\"});} }, 200); });<\/script> <br class=\"cf-turnstile-br cf-turnstile-br-cf7-897713571\"> <style>#cf-turnstile-cf7-897713571 { margin-left: -15px; }<\/style> <script>document.addEventListener(\"DOMContentLoaded\",function(){document.querySelectorAll('.wpcf7-form').forEach(function(e){e.addEventListener('submit',function(){if(document.getElementById('cf-turnstile-cf7-897713571')){setTimeout(function(){turnstile.reset('#cf-turnstile-cf7-897713571');},1000)}})})});<\/script> <\/div>\n\t<\/p>\n\t<div class=\"col-12 col-lg-12\">\n\t\t<p><input class=\"wpcf7-form-control wpcf7-submit has-spinner\" type=\"submit\" value=\"L\u00e4het\u00e4 viesti\" \/>\n\t\t<\/p>\n\t<\/div>\n<\/div><div class=\"wpcf7-response-output\" aria-hidden=\"true\"><\/div>\n<\/form>\n<\/div>\n<\/div><!-- contact-form -->\t\t\t\t<\/div>\n\t\t\t\t<\/div>\n\t\t\t\t\t<\/div>\n\t\t\t\t<\/div>\n\t\t\t\t<\/div>\n\t\t","protected":false},"excerpt":{"rendered":"<p>YHTEYSTIEDOT Yleiset yhteystiedot Email Address info@aboil.fi Seuraa meit\u00e4 sosiaalisessa mediassa: Facebook Instagram Linkedin Yrityksen Tiedot AB-Handling OY Reg. 3006996-5Pajam\u00e4entie 2, 49460 Hamina, Finland AB-Handling Estonia O\u00dc Reg. 16898826Roosikrantsi 11, 10119 Tallinn, Estonia Myynti (Suomi) Olli Seikku+358 44 989 7005info@aboil.fi Myynti (Viro) Artur Trubat\u0161ov+372 53 494 000+358 40 029 0002at@abhandling.fi Logistiikka Anastasia Totskaja+372 5471 0313nt@abhandling.fi IT<\/p>\n<div class=\"klb-readmore button\"><a class=\"btn link\" href=\"https:\/\/aboil.fi\/fi\/yhteystiedot\/\">Read More <i class=\"klbth-icon-right-arrow\"><\/i><\/a><\/div>\n","protected":false},"author":1,"featured_media":0,"parent":0,"menu_order":0,"comment_status":"closed","ping_status":"closed","template":"","meta":{"footnotes":""},"class_list":["post-6136","page","type-page","status-publish","hentry"],"_links":{"self":[{"href":"https:\/\/aboil.fi\/fi\/wp-json\/wp\/v2\/pages\/6136","targetHints":{"allow":["GET"]}}],"collection":[{"href":"https:\/\/aboil.fi\/fi\/wp-json\/wp\/v2\/pages"}],"about":[{"href":"https:\/\/aboil.fi\/fi\/wp-json\/wp\/v2\/types\/page"}],"author":[{"embeddable":true,"href":"https:\/\/aboil.fi\/fi\/wp-json\/wp\/v2\/users\/1"}],"replies":[{"embeddable":true,"href":"https:\/\/aboil.fi\/fi\/wp-json\/wp\/v2\/comments?post=6136"}],"version-history":[{"count":4,"href":"https:\/\/aboil.fi\/fi\/wp-json\/wp\/v2\/pages\/6136\/revisions"}],"predecessor-version":[{"id":6576,"href":"https:\/\/aboil.fi\/fi\/wp-json\/wp\/v2\/pages\/6136\/revisions\/6576"}],"wp:attachment":[{"href":"https:\/\/aboil.fi\/fi\/wp-json\/wp\/v2\/media?parent=6136"}],"curies":[{"name":"wp","href":"https:\/\/api.w.org\/{rel}","templated":true}]}}