{"id":6149,"date":"2022-10-18T08:51:34","date_gmt":"2022-10-18T06:51:34","guid":{"rendered":"https:\/\/aboil.fi\/meista\/"},"modified":"2025-04-28T13:42:23","modified_gmt":"2025-04-28T11:42:23","slug":"meista","status":"publish","type":"page","link":"https:\/\/aboil.fi\/fi\/meista\/","title":{"rendered":"Meist\u00e4"},"content":{"rendered":"\t\t<div data-elementor-type=\"wp-page\" data-elementor-id=\"6149\" class=\"elementor elementor-6149 elementor-2349\">\n\t\t\t\t<div class=\"elementor-element elementor-element-2f31117 e-flex e-con-boxed e-con e-parent\" data-id=\"2f31117\" data-element_type=\"container\" data-e-type=\"container\" data-settings=\"{&quot;background_background&quot;:&quot;classic&quot;}\">\n\t\t\t\t\t<div class=\"e-con-inner\">\n\t\t\t\t<div class=\"elementor-element elementor-element-3ef4767 elementor-widget elementor-widget-heading\" data-id=\"3ef4767\" data-element_type=\"widget\" data-e-type=\"widget\" data-widget_type=\"heading.default\">\n\t\t\t\t<div class=\"elementor-widget-container\">\n\t\t\t\t\t<h1 class=\"elementor-heading-title elementor-size-default\">ABOIL LUBRICANTS<\/h1>\t\t\t\t<\/div>\n\t\t\t\t<\/div>\n\t\t\t\t\t<\/div>\n\t\t\t\t<\/div>\n\t\t\t\t<section class=\"elementor-section elementor-top-section elementor-element elementor-element-cc529be elementor-section-full_width elementor-section-height-default elementor-section-height-default\" data-id=\"cc529be\" data-element_type=\"section\" data-e-type=\"section\">\n\t\t\t\t\t\t<div class=\"elementor-container elementor-column-gap-default\">\n\t\t\t\t\t<div class=\"elementor-column elementor-col-100 elementor-top-column elementor-element elementor-element-c9a36db\" data-id=\"c9a36db\" data-element_type=\"column\" data-e-type=\"column\">\n\t\t\t<div class=\"elementor-widget-wrap elementor-element-populated\">\n\t\t\t\t\t\t<div class=\"elementor-element elementor-element-c84cdb4 elementor-widget elementor-widget-heading\" data-id=\"c84cdb4\" data-element_type=\"widget\" data-e-type=\"widget\" data-widget_type=\"heading.default\">\n\t\t\t\t<div class=\"elementor-widget-container\">\n\t\t\t\t\t<p class=\"elementor-heading-title elementor-size-default\"><p data-start=\"70\" data-end=\"372\" style=\"letter-spacing: normal;white-space: normal\">ABOil Lubricants on omistautunut pit\u00e4m\u00e4\u00e4n moottorit, koneet ja laitteet moitteettomasti k\u00e4ynniss\u00e4 korkealaatuisilla \u00f6ljyill\u00e4 ja rasvoilla. Olipa kyse auto-, teollisuus-, maatalous- tai merenkulkusovelluksista, voiteluaineemme on suunniteltu v\u00e4hent\u00e4m\u00e4\u00e4n kitkaa, est\u00e4m\u00e4\u00e4n kulumista ja varmistamaan pitk\u00e4aikainen suorituskyky. <\/p><p data-start=\"374\" data-end=\"729\" style=\"letter-spacing: normal;white-space: normal\">ABOil Lubricants keskittyy luotettavuuteen ja tehokkuuteen ja tarjoaa kattavan tuotevalikoiman, johon kuuluu moottori\u00f6ljyj\u00e4, hydrauliikka\u00f6ljyj\u00e4, vaihteisto\u00f6ljyj\u00e4 ja rasvoja. Koostumuksemme on kehitetty huolellisesti t\u00e4ytt\u00e4m\u00e4\u00e4n alan standardit, ja ne tarjoavat optimaalisen suojan erilaisissa k\u00e4ytt\u00f6olosuhteissa \u00e4\u00e4rimm\u00e4isist\u00e4 l\u00e4mp\u00f6tiloista raskaaseen ty\u00f6kuormitukseen. <\/p><p data-start=\"731\" data-end=\"1087\" style=\"letter-spacing: normal;white-space: normal\">K\u00e4ytt\u00e4m\u00e4ll\u00e4 korkealaatuisia perus\u00f6ljyj\u00e4 ja edistyksellisi\u00e4 lis\u00e4aineita ABOil Lubricants auttaa pident\u00e4m\u00e4\u00e4n moottoreiden ja koneiden k\u00e4ytt\u00f6ik\u00e4\u00e4 samalla kun se parantaa polttoainetehokkuutta ja v\u00e4hent\u00e4\u00e4 huoltokustannuksia. Tarvitsitpa sitten voiteluainetta suorituskykyisiin ajoneuvoihin, teollisuuslaitteisiin tai jokap\u00e4iv\u00e4iseen k\u00e4ytt\u00f6\u00f6n, voit luottaa siihen, ett\u00e4 ABOil tarjoaa tarvitsemasi suojan ja suorituskyvyn. <span style=\"white-space: pre-wrap;font-family: var(--theme-primary-font);letter-spacing: var(--theme-letter-spacing);text-align: var(--bs-body-text-align)\"><\/span><\/p><\/p>\t\t\t\t<\/div>\n\t\t\t\t<\/div>\n\t\t\t\t\t<\/div>\n\t\t<\/div>\n\t\t\t\t\t<\/div>\n\t\t<\/section>\n\t\t\t\t<\/div>\n\t\t","protected":false},"excerpt":{"rendered":"<p>ABOIL LUBRICANTS ABOil Lubricants on omistautunut pit\u00e4m\u00e4\u00e4n moottorit, koneet ja laitteet moitteettomasti k\u00e4ynniss\u00e4 korkealaatuisilla \u00f6ljyill\u00e4 ja rasvoilla. Olipa kyse auto-, teollisuus-, maatalous- tai merenkulkusovelluksista, voiteluaineemme on suunniteltu v\u00e4hent\u00e4m\u00e4\u00e4n kitkaa, est\u00e4m\u00e4\u00e4n kulumista ja varmistamaan pitk\u00e4aikainen suorituskyky. ABOil Lubricants keskittyy luotettavuuteen ja tehokkuuteen ja tarjoaa kattavan tuotevalikoiman, johon kuuluu moottori\u00f6ljyj\u00e4, hydrauliikka\u00f6ljyj\u00e4, vaihteisto\u00f6ljyj\u00e4 ja rasvoja. Koostumuksemme on kehitetty<\/p>\n<div class=\"klb-readmore button\"><a class=\"btn link\" href=\"https:\/\/aboil.fi\/fi\/meista\/\">Read More <i class=\"klbth-icon-right-arrow\"><\/i><\/a><\/div>\n","protected":false},"author":1,"featured_media":0,"parent":0,"menu_order":0,"comment_status":"closed","ping_status":"closed","template":"","meta":{"footnotes":""},"class_list":["post-6149","page","type-page","status-publish","hentry"],"_links":{"self":[{"href":"https:\/\/aboil.fi\/fi\/wp-json\/wp\/v2\/pages\/6149","targetHints":{"allow":["GET"]}}],"collection":[{"href":"https:\/\/aboil.fi\/fi\/wp-json\/wp\/v2\/pages"}],"about":[{"href":"https:\/\/aboil.fi\/fi\/wp-json\/wp\/v2\/types\/page"}],"author":[{"embeddable":true,"href":"https:\/\/aboil.fi\/fi\/wp-json\/wp\/v2\/users\/1"}],"replies":[{"embeddable":true,"href":"https:\/\/aboil.fi\/fi\/wp-json\/wp\/v2\/comments?post=6149"}],"version-history":[{"count":1,"href":"https:\/\/aboil.fi\/fi\/wp-json\/wp\/v2\/pages\/6149\/revisions"}],"predecessor-version":[{"id":6150,"href":"https:\/\/aboil.fi\/fi\/wp-json\/wp\/v2\/pages\/6149\/revisions\/6150"}],"wp:attachment":[{"href":"https:\/\/aboil.fi\/fi\/wp-json\/wp\/v2\/media?parent=6149"}],"curies":[{"name":"wp","href":"https:\/\/api.w.org\/{rel}","templated":true}]}}