{"id":6158,"date":"2025-04-16T16:45:58","date_gmt":"2025-04-16T14:45:58","guid":{"rendered":"https:\/\/aboil.fi\/etusivu-2\/"},"modified":"2025-10-02T15:35:54","modified_gmt":"2025-10-02T13:35:54","slug":"etusivu-2","status":"publish","type":"page","link":"https:\/\/aboil.fi\/fi\/","title":{"rendered":"Etusivu"},"content":{"rendered":"\t\t<div data-elementor-type=\"wp-page\" data-elementor-id=\"6158\" class=\"elementor elementor-6158 elementor-6005\">\n\t\t\t\t<div class=\"elementor-element elementor-element-e891041 e-flex e-con-boxed e-con e-parent\" data-id=\"e891041\" data-element_type=\"container\" data-e-type=\"container\">\n\t\t\t\t\t<div class=\"e-con-inner\">\n\t\t\t\t<div class=\"elementor-element elementor-element-9a91619 elementor-widget__width-inherit elementor-widget elementor-widget-slides\" data-id=\"9a91619\" data-element_type=\"widget\" data-e-type=\"widget\" data-widget_type=\"slides.default\">\n\t\t\t\t<div class=\"elementor-widget-container\">\n\t\t\t\t\t \t\t\t\t<\/div>\n\t\t\t\t<\/div>\n\t\t\t\t\t<\/div>\n\t\t\t\t<\/div>\n\t\t<div class=\"elementor-element elementor-element-af860ae e-flex e-con-boxed e-con e-parent\" data-id=\"af860ae\" data-element_type=\"container\" data-e-type=\"container\">\n\t\t\t\t\t<div class=\"e-con-inner\">\n\t\t\t\t<div class=\"elementor-element elementor-element-b602945 elementor-widget elementor-widget-image\" data-id=\"b602945\" data-element_type=\"widget\" data-e-type=\"widget\" data-widget_type=\"image.default\">\n\t\t\t\t<div class=\"elementor-widget-container\">\n\t\t\t\t\t\t\t\t\t\t\t\t\t\t\t<img decoding=\"async\" width=\"300\" height=\"98\" src=\"https:\/\/aboil.fi\/wp-content\/uploads\/2025\/04\/aboil-logo-lubs-300x98.png\" class=\"attachment-medium size-medium wp-image-6010\" alt=\"\" srcset=\"https:\/\/aboil.fi\/wp-content\/uploads\/2025\/04\/aboil-logo-lubs-300x98.png 300w, https:\/\/aboil.fi\/wp-content\/uploads\/2025\/04\/aboil-logo-lubs-768x250.png 768w, https:\/\/aboil.fi\/wp-content\/uploads\/2025\/04\/aboil-logo-lubs-600x196.png 600w, https:\/\/aboil.fi\/wp-content\/uploads\/2025\/04\/aboil-logo-lubs-90x29.png 90w, https:\/\/aboil.fi\/wp-content\/uploads\/2025\/04\/aboil-logo-lubs.png 1000w\" sizes=\"(max-width: 300px) 100vw, 300px\" \/>\t\t\t\t\t\t\t\t\t\t\t\t\t\t\t<\/div>\n\t\t\t\t<\/div>\n\t\t\t\t<div class=\"elementor-element elementor-element-9eb7ffb elementor-widget elementor-widget-text-editor\" data-id=\"9eb7ffb\" data-element_type=\"widget\" data-e-type=\"widget\" data-widget_type=\"text-editor.default\">\n\t\t\t\t<div class=\"elementor-widget-container\">\n\t\t\t\t\t\t\t\t\t<p style=\"text-align: center;\">ABOil Lubricants on voiteluainemerkki, joka on suunniteltu pit\u00e4m\u00e4\u00e4n moottorit, koneet ja laitteet moitteettomasti k\u00e4ynniss\u00e4. Laadukkaat \u00f6ljyt ja rasvat tarjoavat erinomaisen suojan kulumista, kitkaa ja l\u00e4mp\u00f6\u00e4 vastaan, olipa kyse sitten auto-, teollisuus- tai arkik\u00e4yt\u00f6st\u00e4. <\/p>\t\t\t\t\t\t\t\t<\/div>\n\t\t\t\t<\/div>\n\t\t\t\t\t<\/div>\n\t\t\t\t<\/div>\n\t\t<div class=\"elementor-element elementor-element-3ea8999 e-flex e-con-boxed e-con e-parent\" data-id=\"3ea8999\" data-element_type=\"container\" data-e-type=\"container\">\n\t\t\t\t\t<div class=\"e-con-inner\">\n\t\t\t\t<div class=\"elementor-element elementor-element-d9d46c2 elementor-widget elementor-widget-partdo-product-grid\" data-id=\"d9d46c2\" data-element_type=\"widget\" data-e-type=\"widget\" data-widget_type=\"partdo-product-grid.default\">\n\t\t\t\t<div class=\"elementor-widget-container\">\n\t\t\t\t\t<div class=\"klbth-module klbth-module-product-grid dumps\"><div class=\"klbth-module-header with-border color-danger counter-active align-default\"><h3 class=\"entry-title\">Latest Products<\/h3><a class=\"btn link\" href=\"\" > View All <i class=\"klbth-icon-arrow-right-long\"><\/i><\/a><\/div><div class=\"module-wrapper\"><div class=\"products gutter-30 column-4 mobile-2 total-4\"><div class=\"column-item product type-product post-6611 status-publish first instock product_cat-motor-oils-fi product_tag-5w-40-fi product_tag-diesel-fi product_tag-engine-fi product_tag-gasoline-fi product_tag-lubricant-fi product_tag-motor-fi product_tag-oil-fi product_tag-solar-fi has-post-thumbnail taxable shipping-taxable purchasable product-type-simple\"><div class=\"product product-type-3\"> <div class=\"product-wrapper\"><div class=\"product-content\"><div class=\"thumbnail-wrapper entry-media\"> <a class=\"product-thumbnail\" href=\"https:\/\/aboil.fi\/fi\/product\/aboil-solar-5w-40-1l\/\"><img decoding=\"async\" src=\"https:\/\/aboil.fi\/wp-content\/uploads\/2024\/11\/aboil-canister-1l-black-front-2-500x500.png\" alt=\"ABOil Solar 5W-40 \u2013 1L\"><\/a><div class=\"product-buttons\"> <div class=\"wishlist-button\"><a href=\"https:\/\/aboil.fi\/wishlist\/\" class=\"klbwl-btn klbwl-btn-6611\" data-product_id=\"6611\" data-product_title=\"ABOil Solar 5W-40 - 1L\">Add to wishlist<\/a><\/div><!-- wishlist-button --><a href=\"?add-to-compare=6611\" class=\"woosc-btn woosc-btn-6611 \" rel=\"nofollow\" data-text=\"Compare\" data-text_added=\"Compare\" data-id=\"6611\" data-product_id=\"6611\" data-product_name=\"ABOil Solar 5W-40 - 1L\" data-product_image=\"https:\/\/aboil.fi\/wp-content\/uploads\/2024\/11\/aboil-canister-1l-black-front-2-150x150.png\">Compare<\/a><a class=\"detail-bnt quickview\" data-product_id=\"6611\"><i class=\"klbth-icon-eye-empty\"><\/i><\/a> <\/div> <\/div><div class=\"content-wrapper\"><h3 class=\"product-title\"> <a href=\"https:\/\/aboil.fi\/fi\/product\/aboil-solar-5w-40-1l\/\">ABOil Solar 5W-40 \u2013 1L<\/a><\/h3><span class=\"price\"><span class=\"woocommerce-Price-amount amount\"><bdi>12,20\u00a0<span class=\"woocommerce-Price-currencySymbol\">\u20ac<\/span><\/bdi><\/span><\/span><\/div><\/div><div class=\"product-footer\"><div class=\"product-footer-inner\"> <div class=\"product-footer-details\"> <span lang=\"EN-GB\">ABOil Solar 5W-40 on synteettinen synteettinen moottori\u00f6ljy, jolla on alhainen tuhkapitoisuus ja joka on tarkoitettu nykyaikaisille moottoreille.<\/span><\/div><a href=\"\/fi\/wp-json\/wp\/v2\/pages\/6158?add-to-cart=6611\" aria-describedby=\"woocommerce_loop_add_to_cart_link_describedby_6611\" data-quantity=\"1\" class=\"primary  button product_type_simple add_to_cart_button ajax_add_to_cart\" data-product_id=\"6611\" data-product_sku=\"431461\" aria-label=\"Lis\u00e4\u00e4 ostoskoriin: \u201cABOil Solar 5W-40 - 1L\u201d\" rel=\"nofollow\" data-success_message=\"\u201cABOil Solar 5W-40 - 1L\u201d on lis\u00e4tty ostoskoriin\" role=\"button\">Lis\u00e4\u00e4 ostoskoriin <i class=\"klbth-icon-shopping-bag\"><\/i><\/a>\t<span id=\"woocommerce_loop_add_to_cart_link_describedby_6611\" class=\"screen-reader-text\">\r\n\t\t\t<\/span>\r\n<\/div><\/div><\/div><div class=\"product-content-fade\"><\/div><\/div><\/div><div class=\"column-item product type-product post-6584 status-publish instock product_cat-chain-oils-fi product_tag-chain-saw-fi product_tag-lubricant-fi product_tag-oil-fi product_tag-pluto-fi has-post-thumbnail taxable shipping-taxable purchasable product-type-simple\"><div class=\"product product-type-3\"> <div class=\"product-wrapper\"><div class=\"product-content\"><div class=\"thumbnail-wrapper entry-media\"> <a class=\"product-thumbnail\" href=\"https:\/\/aboil.fi\/fi\/product\/aboil-pluto-chain-saw-1l\/\"><img decoding=\"async\" src=\"https:\/\/aboil.fi\/wp-content\/uploads\/2024\/11\/aboil-canister-1l-black-front-6-500x500.png\" alt=\"ABOil Pluto Chain Saw \u2013 1L\"><\/a><div class=\"product-buttons\"> <div class=\"wishlist-button\"><a href=\"https:\/\/aboil.fi\/wishlist\/\" class=\"klbwl-btn klbwl-btn-6584\" data-product_id=\"6584\" data-product_title=\"ABOil Pluto Chain Saw - 1L\">Add to wishlist<\/a><\/div><!-- wishlist-button --><a href=\"?add-to-compare=6584\" class=\"woosc-btn woosc-btn-6584 \" rel=\"nofollow\" data-text=\"Compare\" data-text_added=\"Compare\" data-id=\"6584\" data-product_id=\"6584\" data-product_name=\"ABOil Pluto Chain Saw - 1L\" data-product_image=\"https:\/\/aboil.fi\/wp-content\/uploads\/2024\/11\/aboil-canister-1l-black-front-6-150x150.png\">Compare<\/a><a class=\"detail-bnt quickview\" data-product_id=\"6584\"><i class=\"klbth-icon-eye-empty\"><\/i><\/a> <\/div> <\/div><div class=\"content-wrapper\"><h3 class=\"product-title\"> <a href=\"https:\/\/aboil.fi\/fi\/product\/aboil-pluto-chain-saw-1l\/\">ABOil Pluto Chain Saw \u2013 1L<\/a><\/h3><span class=\"price\"><span class=\"woocommerce-Price-amount amount\"><bdi>13,42\u00a0<span class=\"woocommerce-Price-currencySymbol\">\u20ac<\/span><\/bdi><\/span><\/span><\/div><\/div><div class=\"product-footer\"><div class=\"product-footer-inner\"> <div class=\"product-footer-details\"> <span lang=\"EN-GB\">ABOil Pluto Chain Saw on moottorisahojen ketjujen voiteluun tarkoitettu \u00f6ljy.<\/span><\/div><a href=\"\/fi\/wp-json\/wp\/v2\/pages\/6158?add-to-cart=6584\" aria-describedby=\"woocommerce_loop_add_to_cart_link_describedby_6584\" data-quantity=\"1\" class=\"primary  button product_type_simple add_to_cart_button ajax_add_to_cart\" data-product_id=\"6584\" data-product_sku=\"431161\" aria-label=\"Lis\u00e4\u00e4 ostoskoriin: \u201cABOil Pluto Chain Saw - 1L\u201d\" rel=\"nofollow\" data-success_message=\"\u201cABOil Pluto Chain Saw - 1L\u201d on lis\u00e4tty ostoskoriin\" role=\"button\">Lis\u00e4\u00e4 ostoskoriin <i class=\"klbth-icon-shopping-bag\"><\/i><\/a>\t<span id=\"woocommerce_loop_add_to_cart_link_describedby_6584\" class=\"screen-reader-text\">\r\n\t\t\t<\/span>\r\n<\/div><\/div><\/div><div class=\"product-content-fade\"><\/div><\/div><\/div><div class=\"column-item product type-product post-6588 status-publish instock product_cat-transmission-oils-fi product_tag-automatic-fi product_tag-lubricant-fi product_tag-oil-fi product_tag-transmission-fi product_tag-venus-fi has-post-thumbnail taxable shipping-taxable purchasable product-type-simple\"><div class=\"product product-type-3\"> <div class=\"product-wrapper\"><div class=\"product-content\"><div class=\"thumbnail-wrapper entry-media\"> <a class=\"product-thumbnail\" href=\"https:\/\/aboil.fi\/fi\/product\/aboil-venus-automatic-s-1l\/\"><img decoding=\"async\" src=\"https:\/\/aboil.fi\/wp-content\/uploads\/2024\/11\/aboil-canister-1l-black-front-7-500x500.png\" alt=\"ABOil Venus Automatic S \u2013 1L\"><\/a><div class=\"product-buttons\"> <div class=\"wishlist-button\"><a href=\"https:\/\/aboil.fi\/wishlist\/\" class=\"klbwl-btn klbwl-btn-6588\" data-product_id=\"6588\" data-product_title=\"ABOil Venus Automatic S - 1L\">Add to wishlist<\/a><\/div><!-- wishlist-button --><a href=\"?add-to-compare=6588\" class=\"woosc-btn woosc-btn-6588 \" rel=\"nofollow\" data-text=\"Compare\" data-text_added=\"Compare\" data-id=\"6588\" data-product_id=\"6588\" data-product_name=\"ABOil Venus Automatic S - 1L\" data-product_image=\"https:\/\/aboil.fi\/wp-content\/uploads\/2024\/11\/aboil-canister-1l-black-front-7-150x150.png\">Compare<\/a><a class=\"detail-bnt quickview\" data-product_id=\"6588\"><i class=\"klbth-icon-eye-empty\"><\/i><\/a> <\/div> <\/div><div class=\"content-wrapper\"><h3 class=\"product-title\"> <a href=\"https:\/\/aboil.fi\/fi\/product\/aboil-venus-automatic-s-1l\/\">ABOil Venus Automatic S \u2013 1L<\/a><\/h3><span class=\"price\"><span class=\"woocommerce-Price-amount amount\"><bdi>17,08\u00a0<span class=\"woocommerce-Price-currencySymbol\">\u20ac<\/span><\/bdi><\/span><\/span><\/div><\/div><div class=\"product-footer\"><div class=\"product-footer-inner\"> <div class=\"product-footer-details\"> <span lang=\"EN-GB\">ABOil Venus Automatic S on t\u00e4ysin synteettinen ATF-\u00f6ljy (Automatic Transmission Fluid), joka vastaa GM DEXRON III-H:n laatutasoa.<\/span><\/div><a href=\"\/fi\/wp-json\/wp\/v2\/pages\/6158?add-to-cart=6588\" aria-describedby=\"woocommerce_loop_add_to_cart_link_describedby_6588\" data-quantity=\"1\" class=\"primary  button product_type_simple add_to_cart_button ajax_add_to_cart\" data-product_id=\"6588\" data-product_sku=\"431261\" aria-label=\"Lis\u00e4\u00e4 ostoskoriin: \u201cABOil Venus Automatic S - 1L\u201d\" rel=\"nofollow\" data-success_message=\"\u201cABOil Venus Automatic S - 1L\u201d on lis\u00e4tty ostoskoriin\" role=\"button\">Lis\u00e4\u00e4 ostoskoriin <i class=\"klbth-icon-shopping-bag\"><\/i><\/a>\t<span id=\"woocommerce_loop_add_to_cart_link_describedby_6588\" class=\"screen-reader-text\">\r\n\t\t\t<\/span>\r\n<\/div><\/div><\/div><div class=\"product-content-fade\"><\/div><\/div><\/div><div class=\"column-item product type-product post-6594 status-publish last instock product_cat-motor-oils-fi product_tag-5w-30-fi product_tag-diesel-fi product_tag-engine-fi product_tag-gasoline-fi product_tag-lubricant-fi product_tag-motor-fi product_tag-oil-fi product_tag-solar-fi product_tag-solar-flare-fi has-post-thumbnail taxable shipping-taxable purchasable product-type-simple\"><div class=\"product product-type-3\"> <div class=\"product-wrapper\"><div class=\"product-content\"><div class=\"thumbnail-wrapper entry-media\"> <a class=\"product-thumbnail\" href=\"https:\/\/aboil.fi\/fi\/product\/aboil-solar-flare-iii-5w-30-1l\/\"><img decoding=\"async\" src=\"https:\/\/aboil.fi\/wp-content\/uploads\/2024\/11\/aboil-canister-1l-black-front-3-500x500.png\" alt=\"ABOil Solar Flare III 5W-30 \u2013 1L\"><\/a><div class=\"product-buttons\"> <div class=\"wishlist-button\"><a href=\"https:\/\/aboil.fi\/wishlist\/\" class=\"klbwl-btn klbwl-btn-6594\" data-product_id=\"6594\" data-product_title=\"ABOil Solar Flare III 5W-30 - 1L\">Add to wishlist<\/a><\/div><!-- wishlist-button --><a href=\"?add-to-compare=6594\" class=\"woosc-btn woosc-btn-6594 \" rel=\"nofollow\" data-text=\"Compare\" data-text_added=\"Compare\" data-id=\"6594\" data-product_id=\"6594\" data-product_name=\"ABOil Solar Flare III 5W-30 - 1L\" data-product_image=\"https:\/\/aboil.fi\/wp-content\/uploads\/2024\/11\/aboil-canister-1l-black-front-3-150x150.png\">Compare<\/a><a class=\"detail-bnt quickview\" data-product_id=\"6594\"><i class=\"klbth-icon-eye-empty\"><\/i><\/a> <\/div> <\/div><div class=\"content-wrapper\"><h3 class=\"product-title\"> <a href=\"https:\/\/aboil.fi\/fi\/product\/aboil-solar-flare-iii-5w-30-1l\/\">ABOil Solar Flare III 5W-30 \u2013 1L<\/a><\/h3><span class=\"price\"><span class=\"woocommerce-Price-amount amount\"><bdi>18,30\u00a0<span class=\"woocommerce-Price-currencySymbol\">\u20ac<\/span><\/bdi><\/span><\/span><\/div><\/div><div class=\"product-footer\"><div class=\"product-footer-inner\"> <div class=\"product-footer-details\"> <span lang=\"EN-GB\">ABOil Solar Flare Ill 5W-30 on synteettinen synteettinen moottori\u00f6ljy, jolla on alhainen tuhkapitoisuus ja joka on tarkoitettu nykyaikaisille moottoreille.<\/span><\/div><a href=\"\/fi\/wp-json\/wp\/v2\/pages\/6158?add-to-cart=6594\" aria-describedby=\"woocommerce_loop_add_to_cart_link_describedby_6594\" data-quantity=\"1\" class=\"primary  button product_type_simple add_to_cart_button ajax_add_to_cart\" data-product_id=\"6594\" data-product_sku=\"431561\" aria-label=\"Lis\u00e4\u00e4 ostoskoriin: \u201cABOil Solar Flare III 5W-30 - 1L\u201d\" rel=\"nofollow\" data-success_message=\"\u201cABOil Solar Flare III 5W-30 - 1L\u201d on lis\u00e4tty ostoskoriin\" role=\"button\">Lis\u00e4\u00e4 ostoskoriin <i class=\"klbth-icon-shopping-bag\"><\/i><\/a>\t<span id=\"woocommerce_loop_add_to_cart_link_describedby_6594\" class=\"screen-reader-text\">\r\n\t\t\t<\/span>\r\n<\/div><\/div><\/div><div class=\"product-content-fade\"><\/div><\/div><\/div><\/div><\/div><\/div>\t\t\t\t<\/div>\n\t\t\t\t<\/div>\n\t\t\t\t\t<\/div>\n\t\t\t\t<\/div>\n\t\t\t\t<\/div>\n\t\t","protected":false},"excerpt":{"rendered":"<p>ABOil Lubricants on voiteluainemerkki, joka on suunniteltu pit\u00e4m\u00e4\u00e4n moottorit, koneet ja laitteet moitteettomasti k\u00e4ynniss\u00e4. Laadukkaat \u00f6ljyt ja rasvat tarjoavat erinomaisen suojan kulumista, kitkaa ja l\u00e4mp\u00f6\u00e4 vastaan, olipa kyse sitten auto-, teollisuus- tai arkik\u00e4yt\u00f6st\u00e4. Latest Products View All Add to Wishlist Add to Wishlist Compare ABOil Pluto Chain Saw \u2013 1L 13,42\u00a0\u20ac ABOil Pluto Chain Saw<\/p>\n<div class=\"klb-readmore button\"><a class=\"btn link\" href=\"https:\/\/aboil.fi\/fi\/product\/aboil-solar-flare-iii-5w-30-1l\/\">Read More <i class=\"klbth-icon-right-arrow\"><\/i><\/a><\/div>\n","protected":false},"author":1,"featured_media":0,"parent":0,"menu_order":0,"comment_status":"closed","ping_status":"closed","template":"","meta":{"footnotes":""},"class_list":["post-6158","page","type-page","status-publish","hentry"],"_links":{"self":[{"href":"https:\/\/aboil.fi\/fi\/wp-json\/wp\/v2\/pages\/6158","targetHints":{"allow":["GET"]}}],"collection":[{"href":"https:\/\/aboil.fi\/fi\/wp-json\/wp\/v2\/pages"}],"about":[{"href":"https:\/\/aboil.fi\/fi\/wp-json\/wp\/v2\/types\/page"}],"author":[{"embeddable":true,"href":"https:\/\/aboil.fi\/fi\/wp-json\/wp\/v2\/users\/1"}],"replies":[{"embeddable":true,"href":"https:\/\/aboil.fi\/fi\/wp-json\/wp\/v2\/comments?post=6158"}],"version-history":[{"count":13,"href":"https:\/\/aboil.fi\/fi\/wp-json\/wp\/v2\/pages\/6158\/revisions"}],"predecessor-version":[{"id":6601,"href":"https:\/\/aboil.fi\/fi\/wp-json\/wp\/v2\/pages\/6158\/revisions\/6601"}],"wp:attachment":[{"href":"https:\/\/aboil.fi\/fi\/wp-json\/wp\/v2\/media?parent=6158"}],"curies":[{"name":"wp","href":"https:\/\/api.w.org\/{rel}","templated":true}]}}