{"id":6584,"date":"2024-11-13T19:12:54","date_gmt":"2024-11-13T17:12:54","guid":{"rendered":"https:\/\/aboil.fi\/product\/aboil-pluto-chain-saw-1l\/"},"modified":"2024-11-13T19:12:54","modified_gmt":"2024-11-13T17:12:54","slug":"aboil-pluto-chain-saw-1l","status":"publish","type":"product","link":"https:\/\/aboil.fi\/fi\/product\/aboil-pluto-chain-saw-1l\/","title":{"rendered":"ABOil Pluto Chain Saw &#8211; 1L"},"content":{"rendered":"<div><span lang=\"EN-GB\"><strong>ABOil Pluto Chain Saw<\/strong> on moottorisahojen ketjujen voiteluun tarkoitettu \u00f6ljy. Se sis\u00e4lt\u00e4\u00e4 puhtaita mineraali\u00f6ljyj\u00e4 ja tarttuvuutta parantavia lis\u00e4aineita, jotka parantavat hapettumiskest\u00e4vyytt\u00e4 ja tarttuvuutta. Tartuntaa parantavien lis\u00e4aineiden ansiosta \u00f6ljy tarttuu laippaan ja ketjuun varmistaen tehokkaan voitelun. ABOil Pluto Chain Saw voitelee moottorisahat ja suojaa tehokkaasti ketjuja kulumiselta. Lis\u00e4ksi se voitelee nivelet ja tapit. Se takaa ymp\u00e4rivuotisen k\u00e4yt\u00f6n.    <\/span><\/div>\n","protected":false},"excerpt":{"rendered":"<p><span lang=\"EN-GB\">ABOil Pluto Chain Saw on moottorisahojen ketjujen voiteluun tarkoitettu \u00f6ljy.<\/span><\/p>\n","protected":false},"featured_media":5550,"template":"","meta":[],"product_brand":[],"product_cat":[349],"product_tag":[351,322,326,350],"class_list":{"0":"post-6584","1":"product","2":"type-product","3":"status-publish","4":"has-post-thumbnail","6":"product_cat-chain-oils-fi","7":"product_tag-chain-saw-fi","8":"product_tag-lubricant-fi","9":"product_tag-oil-fi","10":"product_tag-pluto-fi","12":"first","13":"instock","14":"taxable","15":"shipping-taxable","16":"purchasable","17":"product-type-simple"},"_links":{"self":[{"href":"https:\/\/aboil.fi\/fi\/wp-json\/wp\/v2\/product\/6584","targetHints":{"allow":["GET"]}}],"collection":[{"href":"https:\/\/aboil.fi\/fi\/wp-json\/wp\/v2\/product"}],"about":[{"href":"https:\/\/aboil.fi\/fi\/wp-json\/wp\/v2\/types\/product"}],"wp:featuredmedia":[{"embeddable":true,"href":"https:\/\/aboil.fi\/fi\/wp-json\/wp\/v2\/media\/5550"}],"wp:attachment":[{"href":"https:\/\/aboil.fi\/fi\/wp-json\/wp\/v2\/media?parent=6584"}],"wp:term":[{"taxonomy":"product_brand","embeddable":true,"href":"https:\/\/aboil.fi\/fi\/wp-json\/wp\/v2\/product_brand?post=6584"},{"taxonomy":"product_cat","embeddable":true,"href":"https:\/\/aboil.fi\/fi\/wp-json\/wp\/v2\/product_cat?post=6584"},{"taxonomy":"product_tag","embeddable":true,"href":"https:\/\/aboil.fi\/fi\/wp-json\/wp\/v2\/product_tag?post=6584"}],"curies":[{"name":"wp","href":"https:\/\/api.w.org\/{rel}","templated":true}]}}