{"id":6588,"date":"2024-11-13T19:12:29","date_gmt":"2024-11-13T17:12:29","guid":{"rendered":"https:\/\/aboil.fi\/product\/aboil-venus-automatic-s-1l\/"},"modified":"2024-11-13T19:12:29","modified_gmt":"2024-11-13T17:12:29","slug":"aboil-venus-automatic-s-1l","status":"publish","type":"product","link":"https:\/\/aboil.fi\/fi\/product\/aboil-venus-automatic-s-1l\/","title":{"rendered":"ABOil Venus Automatic S &#8211; 1L"},"content":{"rendered":"<div><span lang=\"EN-GB\"><strong>ABOil Venus Automatic S<\/strong> on t\u00e4ysin synteettinen ATF-\u00f6ljy (Automatic Transmission Fluid), joka vastaa GM DEXRON III-H:n laatutasoa. Korkealaatuisten synteettisten perus\u00f6ljyjen ja lis\u00e4aineiden ansiosta se on erinomainen valinta my\u00f6s hieman vanhempiin autoihin, kun vaaditaan maksimaalista suorituskyky\u00e4 ja luotettavuutta. ABOil Venus Automatic S is used in many modern automatic transmissions of passenger cars and light commercial vehicles.<\/span><\/div>\n","protected":false},"excerpt":{"rendered":"<p><span lang=\"EN-GB\">ABOil Venus Automatic S on t\u00e4ysin synteettinen ATF-\u00f6ljy (Automatic Transmission Fluid), joka vastaa GM DEXRON III-H:n laatutasoa.<\/span><\/p>\n","protected":false},"featured_media":5556,"template":"","meta":[],"product_brand":[],"product_cat":[341],"product_tag":[344,322,326,343,342],"class_list":{"0":"post-6588","1":"product","2":"type-product","3":"status-publish","4":"has-post-thumbnail","6":"product_cat-transmission-oils-fi","7":"product_tag-automatic-fi","8":"product_tag-lubricant-fi","9":"product_tag-oil-fi","10":"product_tag-transmission-fi","11":"product_tag-venus-fi","13":"first","14":"instock","15":"taxable","16":"shipping-taxable","17":"purchasable","18":"product-type-simple"},"_links":{"self":[{"href":"https:\/\/aboil.fi\/fi\/wp-json\/wp\/v2\/product\/6588","targetHints":{"allow":["GET"]}}],"collection":[{"href":"https:\/\/aboil.fi\/fi\/wp-json\/wp\/v2\/product"}],"about":[{"href":"https:\/\/aboil.fi\/fi\/wp-json\/wp\/v2\/types\/product"}],"wp:featuredmedia":[{"embeddable":true,"href":"https:\/\/aboil.fi\/fi\/wp-json\/wp\/v2\/media\/5556"}],"wp:attachment":[{"href":"https:\/\/aboil.fi\/fi\/wp-json\/wp\/v2\/media?parent=6588"}],"wp:term":[{"taxonomy":"product_brand","embeddable":true,"href":"https:\/\/aboil.fi\/fi\/wp-json\/wp\/v2\/product_brand?post=6588"},{"taxonomy":"product_cat","embeddable":true,"href":"https:\/\/aboil.fi\/fi\/wp-json\/wp\/v2\/product_cat?post=6588"},{"taxonomy":"product_tag","embeddable":true,"href":"https:\/\/aboil.fi\/fi\/wp-json\/wp\/v2\/product_tag?post=6588"}],"curies":[{"name":"wp","href":"https:\/\/api.w.org\/{rel}","templated":true}]}}