{"id":6594,"date":"2024-11-13T19:12:02","date_gmt":"2024-11-13T17:12:02","guid":{"rendered":"https:\/\/aboil.fi\/product\/aboil-solar-flare-iii-5w-30-1l\/"},"modified":"2024-11-13T19:12:02","modified_gmt":"2024-11-13T17:12:02","slug":"aboil-solar-flare-iii-5w-30-1l","status":"publish","type":"product","link":"https:\/\/aboil.fi\/fi\/product\/aboil-solar-flare-iii-5w-30-1l\/","title":{"rendered":"ABOil Solar Flare III 5W-30 &#8211; 1L"},"content":{"rendered":"<div>ABOil Solar Flare Ill 5W-30 on v\u00e4h\u00e4tuhkainen, synteettinen moottori\u00f6ljy nykyaikaisille moottoreille. Se tarjoaa korkean luotettavuuden ja mahdollistaa polttoaineenkulutuksen maksimaalisen alentamisen. Uusin lis\u00e4aineteknologia pit\u00e4\u00e4 moottorin puhtaana, v\u00e4hent\u00e4\u00e4 kitkaa ja takaa moottorin maksimaalisen k\u00e4ytt\u00f6i\u00e4n. ABOil Solar Flare Ill 5W-30 -\u00f6ljy\u00e4 voidaan k\u00e4ytt\u00e4\u00e4 monissa nykyaikaisissa henkil\u00f6autoissa, bensiini- ja dieselmoottoreissa, joissa on DPF, erityisesti BMW:n, Mercedes-Benzin, Renaultin ja Opelin moottoreissa.<\/div>\n","protected":false},"excerpt":{"rendered":"<p><span lang=\"EN-GB\">ABOil Solar Flare Ill 5W-30 on synteettinen synteettinen moottori\u00f6ljy, jolla on alhainen tuhkapitoisuus ja joka on tarkoitettu nykyaikaisille moottoreille.<\/span><\/p>\n","protected":false},"featured_media":5532,"template":"","meta":[],"product_brand":[],"product_cat":[321],"product_tag":[339,328,325,327,322,324,326,323,331],"class_list":{"0":"post-6594","1":"product","2":"type-product","3":"status-publish","4":"has-post-thumbnail","6":"product_cat-motor-oils-fi","7":"product_tag-5w-30-fi","8":"product_tag-diesel-fi","9":"product_tag-engine-fi","10":"product_tag-gasoline-fi","11":"product_tag-lubricant-fi","12":"product_tag-motor-fi","13":"product_tag-oil-fi","14":"product_tag-solar-fi","15":"product_tag-solar-flare-fi","17":"first","18":"instock","19":"taxable","20":"shipping-taxable","21":"purchasable","22":"product-type-simple"},"_links":{"self":[{"href":"https:\/\/aboil.fi\/fi\/wp-json\/wp\/v2\/product\/6594","targetHints":{"allow":["GET"]}}],"collection":[{"href":"https:\/\/aboil.fi\/fi\/wp-json\/wp\/v2\/product"}],"about":[{"href":"https:\/\/aboil.fi\/fi\/wp-json\/wp\/v2\/types\/product"}],"wp:featuredmedia":[{"embeddable":true,"href":"https:\/\/aboil.fi\/fi\/wp-json\/wp\/v2\/media\/5532"}],"wp:attachment":[{"href":"https:\/\/aboil.fi\/fi\/wp-json\/wp\/v2\/media?parent=6594"}],"wp:term":[{"taxonomy":"product_brand","embeddable":true,"href":"https:\/\/aboil.fi\/fi\/wp-json\/wp\/v2\/product_brand?post=6594"},{"taxonomy":"product_cat","embeddable":true,"href":"https:\/\/aboil.fi\/fi\/wp-json\/wp\/v2\/product_cat?post=6594"},{"taxonomy":"product_tag","embeddable":true,"href":"https:\/\/aboil.fi\/fi\/wp-json\/wp\/v2\/product_tag?post=6594"}],"curies":[{"name":"wp","href":"https:\/\/api.w.org\/{rel}","templated":true}]}}