{"id":6600,"date":"2024-11-13T19:11:42","date_gmt":"2024-11-13T17:11:42","guid":{"rendered":"https:\/\/aboil.fi\/product\/aboil-solar-flare-fe-0w-20-1l\/"},"modified":"2024-11-13T19:11:42","modified_gmt":"2024-11-13T17:11:42","slug":"aboil-solar-flare-fe-0w-20-1l","status":"publish","type":"product","link":"https:\/\/aboil.fi\/fi\/product\/aboil-solar-flare-fe-0w-20-1l\/","title":{"rendered":"ABOil Solar Flare FE 0W-20 &#8211; 1L"},"content":{"rendered":"<div><span lang=\"EN-GB\"><strong>ABOil Solar Flare FE 0W-20<\/strong> on t\u00e4yssynteettinen polttoainetaloudellinen moottori\u00f6ljy, joka on kehitetty moottoreille, jotka vaativat API SN -alhaisen viskositeetin \u00f6ljy\u00e4. Lis\u00e4ksi sen alhainen viskositeetti v\u00e4hent\u00e4\u00e4 moottorin sis\u00e4isi\u00e4 h\u00e4vi\u00f6it\u00e4, mik\u00e4 mahdollistaa paremman polttoainetalouden ja alentaa siten CO2-p\u00e4\u00e4st\u00f6j\u00e4. T\u00e4t\u00e4 \u00f6ljy\u00e4 voidaan k\u00e4ytt\u00e4\u00e4 monissa Volvon bensiini- ja dieselmoottoreissa, jotka on valmistettu vuodesta 2014 l\u00e4htien. Se sopii my\u00f6s erilaisiin 0W-20-viskositeetille suunniteltuihin moottoreihin, kuten tiettyihin Toyota-malleihin ja hybridiajoneuvoihin.  <\/span><\/div>\n","protected":false},"excerpt":{"rendered":"<p><span lang=\"EN-GB\">ABOil Solar Flare FE 0W-20 on t\u00e4yssynteettinen polttoainetaloudellinen moottori\u00f6ljy, joka on kehitetty moottoreille, jotka vaativat API SN -alhaisen viskositeetin \u00f6ljy\u00e4.<\/span><\/p>\n","protected":false},"featured_media":5538,"template":"","meta":[],"product_brand":[],"product_cat":[321],"product_tag":[335,328,325,336,327,322,324,326,323,331],"class_list":{"0":"post-6600","1":"product","2":"type-product","3":"status-publish","4":"has-post-thumbnail","6":"product_cat-motor-oils-fi","7":"product_tag-0w-20-fi","8":"product_tag-diesel-fi","9":"product_tag-engine-fi","10":"product_tag-fuel-economy-fi","11":"product_tag-gasoline-fi","12":"product_tag-lubricant-fi","13":"product_tag-motor-fi","14":"product_tag-oil-fi","15":"product_tag-solar-fi","16":"product_tag-solar-flare-fi","18":"first","19":"instock","20":"taxable","21":"shipping-taxable","22":"purchasable","23":"product-type-simple"},"_links":{"self":[{"href":"https:\/\/aboil.fi\/fi\/wp-json\/wp\/v2\/product\/6600","targetHints":{"allow":["GET"]}}],"collection":[{"href":"https:\/\/aboil.fi\/fi\/wp-json\/wp\/v2\/product"}],"about":[{"href":"https:\/\/aboil.fi\/fi\/wp-json\/wp\/v2\/types\/product"}],"wp:featuredmedia":[{"embeddable":true,"href":"https:\/\/aboil.fi\/fi\/wp-json\/wp\/v2\/media\/5538"}],"wp:attachment":[{"href":"https:\/\/aboil.fi\/fi\/wp-json\/wp\/v2\/media?parent=6600"}],"wp:term":[{"taxonomy":"product_brand","embeddable":true,"href":"https:\/\/aboil.fi\/fi\/wp-json\/wp\/v2\/product_brand?post=6600"},{"taxonomy":"product_cat","embeddable":true,"href":"https:\/\/aboil.fi\/fi\/wp-json\/wp\/v2\/product_cat?post=6600"},{"taxonomy":"product_tag","embeddable":true,"href":"https:\/\/aboil.fi\/fi\/wp-json\/wp\/v2\/product_tag?post=6600"}],"curies":[{"name":"wp","href":"https:\/\/api.w.org\/{rel}","templated":true}]}}