{"id":6605,"date":"2024-11-13T19:11:19","date_gmt":"2024-11-13T17:11:19","guid":{"rendered":"https:\/\/aboil.fi\/product\/aboil-solar-flare-0w-30-1l\/"},"modified":"2024-11-13T19:11:19","modified_gmt":"2024-11-13T17:11:19","slug":"aboil-solar-flare-0w-30-1l","status":"publish","type":"product","link":"https:\/\/aboil.fi\/fi\/product\/aboil-solar-flare-0w-30-1l\/","title":{"rendered":"ABOil Solar Flare 0W-30 &#8211; 1L"},"content":{"rendered":"<div><span lang=\"EN-GB\"><strong>ABOil Solar Flare 0W-30<\/strong> koostuu t\u00e4yssynteettisist\u00e4 perus\u00f6ljyist\u00e4 ja ensiluokkaisista lis\u00e4aineista, jotka yhdess\u00e4 antavat tuotteelle hyv\u00e4t voiteluominaisuudet ja v\u00e4hent\u00e4v\u00e4t polttoaineen kulutusta. Se tarjoaa tehokkaan suojan kulumista vastaan \u200b\u200bja hyv\u00e4n kest\u00e4vyyden vaativassa ymp\u00e4rivuotisessa k\u00e4yt\u00f6ss\u00e4. ABOil Solar Flare 0W-30 -\u00f6ljy\u00e4 suositellaan eri autonvalmistajien moottoreihin, jotka vaativat matalan kitkan SAE 0W-30 -viskositeettiluokan ja ACEA A5\/B5 -tyyppisen energians\u00e4\u00e4st\u00f6\u00f6ljyn k\u00e4ytt\u00f6\u00e4.<\/span><\/div>\n","protected":false},"excerpt":{"rendered":"<p><span lang=\"EN-GB\">ABOil Solar Flare 0W-30 koostuu t\u00e4yssynteettisist\u00e4 perus\u00f6ljyist\u00e4 ja ensiluokkaisista lis\u00e4aineista, jotka yhdess\u00e4 antavat tuotteelle hyv\u00e4t voiteluominaisuudet ja v\u00e4hent\u00e4v\u00e4t polttoaineen kulutusta.<\/span><\/p>\n","protected":false},"featured_media":5544,"template":"","meta":[],"product_brand":[],"product_cat":[321],"product_tag":[332,328,325,327,322,324,326,323,331],"class_list":{"0":"post-6605","1":"product","2":"type-product","3":"status-publish","4":"has-post-thumbnail","6":"product_cat-motor-oils-fi","7":"product_tag-0w-30-fi","8":"product_tag-diesel-fi","9":"product_tag-engine-fi","10":"product_tag-gasoline-fi","11":"product_tag-lubricant-fi","12":"product_tag-motor-fi","13":"product_tag-oil-fi","14":"product_tag-solar-fi","15":"product_tag-solar-flare-fi","17":"first","18":"instock","19":"taxable","20":"shipping-taxable","21":"purchasable","22":"product-type-simple"},"_links":{"self":[{"href":"https:\/\/aboil.fi\/fi\/wp-json\/wp\/v2\/product\/6605","targetHints":{"allow":["GET"]}}],"collection":[{"href":"https:\/\/aboil.fi\/fi\/wp-json\/wp\/v2\/product"}],"about":[{"href":"https:\/\/aboil.fi\/fi\/wp-json\/wp\/v2\/types\/product"}],"wp:featuredmedia":[{"embeddable":true,"href":"https:\/\/aboil.fi\/fi\/wp-json\/wp\/v2\/media\/5544"}],"wp:attachment":[{"href":"https:\/\/aboil.fi\/fi\/wp-json\/wp\/v2\/media?parent=6605"}],"wp:term":[{"taxonomy":"product_brand","embeddable":true,"href":"https:\/\/aboil.fi\/fi\/wp-json\/wp\/v2\/product_brand?post=6605"},{"taxonomy":"product_cat","embeddable":true,"href":"https:\/\/aboil.fi\/fi\/wp-json\/wp\/v2\/product_cat?post=6605"},{"taxonomy":"product_tag","embeddable":true,"href":"https:\/\/aboil.fi\/fi\/wp-json\/wp\/v2\/product_tag?post=6605"}],"curies":[{"name":"wp","href":"https:\/\/api.w.org\/{rel}","templated":true}]}}