{"id":6611,"date":"2024-11-13T20:01:35","date_gmt":"2024-11-13T18:01:35","guid":{"rendered":"https:\/\/aboil.fi\/product\/aboil-solar-5w-40-1l\/"},"modified":"2024-11-13T18:01:35","modified_gmt":"2024-11-13T16:01:35","slug":"aboil-solar-5w-40-1l","status":"publish","type":"product","link":"https:\/\/aboil.fi\/fi\/product\/aboil-solar-5w-40-1l\/","title":{"rendered":"ABOil Solar 5W-40 &#8211; 1L"},"content":{"rendered":"<div>\n<div><span lang=\"EN-GB\"><strong>ABOil Solar 5W-40<\/strong> on synteettinen synteettinen moottori\u00f6ljy, jolla on alhainen tuhkapitoisuus ja joka on tarkoitettu nykyaikaisille moottoreille. Se tarjoaa korkean luotettavuuden ja mahdollistaa polttoaineenkulutuksen maksimaalisen alentamisen. Nykyaikainen, tehokas \u00f6ljy minimoi kulumisen nopean \u00f6ljynkierron ansiosta, erityisesti moottorin l\u00e4mmitysvaiheessa, mik\u00e4 mahdollistaa maksimaalisen kuormituksen ja tarjoaa korkeat turvallisuusreservit.  ABOil Solar 5W-40 voidaan k\u00e4ytt\u00e4\u00e4 monissa uudemmissa henkil\u00f6autoissa, bensiini- ja dieselmoottoreissa, joissa on hiukkassuodatin, erityisesti BMW, Mercedes-Benz ja Ford.<\/span><\/div>\n<\/div>\n","protected":false},"excerpt":{"rendered":"<p><span lang=\"EN-GB\">ABOil Solar 5W-40 on synteettinen synteettinen moottori\u00f6ljy, jolla on alhainen tuhkapitoisuus ja joka on tarkoitettu nykyaikaisille moottoreille.<\/span><\/p>\n","protected":false},"featured_media":5526,"template":"","meta":[],"product_brand":[],"product_cat":[321],"product_tag":[330,328,325,327,322,324,326,323],"class_list":{"0":"post-6611","1":"product","2":"type-product","3":"status-publish","4":"has-post-thumbnail","6":"product_cat-motor-oils-fi","7":"product_tag-5w-40-fi","8":"product_tag-diesel-fi","9":"product_tag-engine-fi","10":"product_tag-gasoline-fi","11":"product_tag-lubricant-fi","12":"product_tag-motor-fi","13":"product_tag-oil-fi","14":"product_tag-solar-fi","16":"first","17":"instock","18":"taxable","19":"shipping-taxable","20":"purchasable","21":"product-type-simple"},"_links":{"self":[{"href":"https:\/\/aboil.fi\/fi\/wp-json\/wp\/v2\/product\/6611","targetHints":{"allow":["GET"]}}],"collection":[{"href":"https:\/\/aboil.fi\/fi\/wp-json\/wp\/v2\/product"}],"about":[{"href":"https:\/\/aboil.fi\/fi\/wp-json\/wp\/v2\/types\/product"}],"wp:featuredmedia":[{"embeddable":true,"href":"https:\/\/aboil.fi\/fi\/wp-json\/wp\/v2\/media\/5526"}],"wp:attachment":[{"href":"https:\/\/aboil.fi\/fi\/wp-json\/wp\/v2\/media?parent=6611"}],"wp:term":[{"taxonomy":"product_brand","embeddable":true,"href":"https:\/\/aboil.fi\/fi\/wp-json\/wp\/v2\/product_brand?post=6611"},{"taxonomy":"product_cat","embeddable":true,"href":"https:\/\/aboil.fi\/fi\/wp-json\/wp\/v2\/product_cat?post=6611"},{"taxonomy":"product_tag","embeddable":true,"href":"https:\/\/aboil.fi\/fi\/wp-json\/wp\/v2\/product_tag?post=6611"}],"curies":[{"name":"wp","href":"https:\/\/api.w.org\/{rel}","templated":true}]}}